{"id":4114,"date":"2025-08-18T19:56:39","date_gmt":"2025-08-18T12:56:39","guid":{"rendered":"http:\/\/biogroupvietnam-worldpress.local\/product\/import-placeholder-for-285\/"},"modified":"2026-04-14T17:46:25","modified_gmt":"2026-04-14T10:46:25","slug":"ezscope-101-he-thong-quan-sat-te-bao-theo-thoi-gian-thuc","status":"publish","type":"product","link":"https:\/\/biogroupvietnam.com\/vi\/san-pham\/ezscope-101-he-thong-quan-sat-te-bao-theo-thoi-gian-thuc\/","title":{"rendered":"EzScope 101 &#8211; H\u1ec7 th\u1ed1ng Quan S\u00e1t T\u1ebf B\u00e0o Theo Th\u1eddi Gian Th\u1ef1c"},"content":{"rendered":"<p><span style=\"font-size: 12.0pt;\"><i><strong>EzScope 101 &#8211; H\u1ec7 th\u1ed1ng quan s\u00e1t t\u1ebf b\u00e0o tr\u1ef1c ti\u1ebfp &amp; li\u00ean t\u1ee5c<\/strong><\/i><\/span><\/p>\n<p><span style=\"font-size: 12.0pt;\">EzScope 101 l\u00e0 h\u1ec7 th\u1ed1ng chuy\u00ean bi\u1ec7t d\u00e0nh cho h\u00ecnh \u1ea3nh t\u1ebf b\u00e0o s\u1ed1ng, gi\u00fap t\u1ed1i \u01b0u quy tr\u00ecnh nghi\u00ean c\u1ee9u v\u1edbi hi\u1ec7u qu\u1ea3 v\u00e0 n\u0103ng su\u1ea5t cao h\u01a1n, kh\u00f4ng c\u00f2n c\u1ea7n ph\u1ea3i l\u1ea5y t\u1ebf b\u00e0o ra kh\u1ecfi t\u1ee7 \u1ea5m \u0111\u1ec3 quan s\u00e1t. EzScope 101 mang \u0111\u1ebfn kh\u1ea3 n\u0103ng \u0111o l\u01b0\u1eddng 24\/7 trong \u0111i\u1ec1u ki\u1ec7n \u0111\u01b0\u1ee3c ki\u1ec3m so\u00e1t ch\u00ednh x\u00e1c v\u00e0 m\u00f4i tr\u01b0\u1eddng kh\u00f4ng b\u1ecb nhi\u1ec5u lo\u1ea1n. C\u00f3 th\u1ec3 quan s\u00e1t h\u00ecnh \u1ea3nh b\u1ea5t k\u1ef3 l\u00fac n\u00e0o v\u1edbi s\u1ef1 ti\u1ec7n l\u1ee3i tuy\u1ec7t \u0111\u1ed1i. C\u00f3 th\u1ec3 theo d\u00f5i \u0111\u1ed3ng th\u1eddi l\u00ean \u0111\u1ebfn b\u1ed1n m\u1eabu trong c\u00f9ng m\u1ed9t t\u1ee7 \u1ea5m.<\/span><\/p>\n<h3><span style=\"color: black; font-size: 16.0pt;\"><strong>T\u00ednh n\u0103ng &amp; L\u1ee3i \u00edch<\/strong><\/span><\/h3>\n<p><span style=\"font-size: 14.0pt;\"><strong>Quan s\u00e1t tr\u1ef1c ti\u1ebfp trong t\u1ee7 \u1ea5m<\/strong><\/span><\/p>\n<p><span style=\"font-size: 12.0pt;\">Thi\u1ebft k\u1ebf s\u1eed d\u1ee5ng trong t\u1ee7 \u1ea5m, kh\u00f4ng c\u1ea7n l\u1ea5y t\u1ebf b\u00e0o ra ngo\u00e0i, gi\u00fap n\u00e2ng cao ch\u1ea5t l\u01b0\u1ee3ng ki\u1ec3m so\u00e1t nu\u00f4i c\u1ea5y.<\/span><\/p>\n<p><span style=\"font-size: 14.0pt;\"><strong>Gi\u1ea3m thi\u1ec3u bi\u1ebfn thi\u00ean trong th\u00ed nghi\u1ec7m<\/strong><\/span><\/p>\n<p><span style=\"font-size: 12.0pt;\">L\u1eafp \u0111\u1eb7t l\u00ean \u0111\u1ebfn 4 thi\u1ebft b\u1ecb EzScope trong c\u00f9ng m\u1ed9t t\u1ee7 \u1ea5m, \u0111i\u1ec1u khi\u1ec3n b\u1eb1ng m\u1ed9t m\u00e1y t\u00ednh, gi\u00fap theo d\u00f5i \u0111\u1ed3ng th\u1eddi nhi\u1ec1u m\u1eabu, gi\u1ea3m l\u1ed7i do sai l\u1ec7ch m\u00f4i tr\u01b0\u1eddng.<\/span><\/p>\n<p><span style=\"font-size: 14.0pt;\"><strong>Ch\u1ea5t l\u01b0\u1ee3ng h\u00ecnh \u1ea3nh v\u01b0\u1ee3t tr\u1ed9i<\/strong><\/span><\/p>\n<p><span style=\"font-size: 12.0pt;\">C\u1ea5u h\u00ecnh quang h\u1ecdc tr\u01b0\u1eddng s\u00e1ng \u0111\u1ed9 t\u01b0\u01a1ng ph\u1ea3n cao, k\u1ebft h\u1ee3p l\u1ea5y n\u00e9t t\u1ef1 \u0111\u1ed9ng ch\u00ednh x\u00e1c v\u00e0 hai \u1ed1ng k\u00ednh ph\u00f3ng \u0111\u1ea1i c\u00f3 th\u1ec3 ho\u00e1n \u0111\u1ed5i.<\/span><\/p>\n<p><span style=\"font-size: 14.0pt;\"><strong>Gi\u00e1m s\u00e1t th\u00ed nghi\u1ec7m t\u1eeb xa<\/strong><\/span><\/p>\n<p><span style=\"font-size: 12.0pt;\">Cho ph\u00e9p theo d\u00f5i linh ho\u1ea1t t\u1eeb xa qua ph\u1ea7n m\u1ec1m \u0111i\u1ec1u khi\u1ec3n n\u1ec1n t\u1ea3ng Windows.<\/span><\/p>\n<p><span style=\"font-size: 14.0pt;\"><strong>Tr\u00ecnh ch\u1ec9nh s\u1eeda h\u00ecnh \u1ea3nh d\u1ec5 s\u1eed d\u1ee5ng<\/strong><\/span><\/p>\n<p><span style=\"font-size: 12.0pt;\">C\u00f3 c\u1ed5ng k\u1ebft n\u1ed1i USB \u0111\u1ec3 xu\u1ea5t k\u1ebft qu\u1ea3 m\u1ed9t c\u00e1ch d\u1ec5 d\u00e0ng.<\/span><\/p>\n<p><span style=\"font-size: 12.0pt;\">D\u1ec5 d\u00e0ng ch\u1ee5p v\u00e0 ch\u1ec9nh s\u1eeda h\u00ecnh \u1ea3nh v\u1edbi ph\u1ea7n m\u1ec1m <strong>EzCapture<\/strong>:<\/span><\/p>\n<p><span style=\"font-size: 12.0pt;\">&#8211; Xem tr\u1ef1c ti\u1ebfp l\u00ean \u0111\u1ebfn 4 thi\u1ebft b\u1ecb EzScope<\/span><\/p>\n<p><span style=\"font-size: 12.0pt;\">&#8211; Ch\u1ee5p \u1ea3nh \u0111\u01a1n l\u1ebb ho\u1eb7c chu\u1ed7i \u1ea3nh time-lapse<\/span><\/p>\n<p><span style=\"font-size: 12.0pt;\">&#8211; Hi\u1ec7u ch\u1ec9nh tr\u01b0\u1eddng s\u00e1ng ph\u1eb3ng<\/span><\/p>\n<p><span style=\"font-size: 12.0pt;\">&#8211; Xu\u1ea5t video time-lapse<\/span><\/p>\n<p><span style=\"font-size: 12.0pt;\">&#8211; Hi\u1ec7u chu\u1ea9n kh\u00f4ng gian<\/span><\/p>\n<p><span style=\"font-size: 12.0pt;\">&#8211; \u0110o l\u01b0\u1eddng v\u00e0 ph\u00e2n t\u00edch h\u1ed9i t\u1ee5<\/span><\/p>\n<h3><span style=\"color: black; font-size: 16.0pt;\"><strong>\u1ee8ng d\u1ee5ng<\/strong><\/span><\/h3>\n<p><span style=\"font-size: 12.0pt;\">EzScope 101 cho ph\u00e9p quan s\u00e1t trong t\u1ee7 \u1ea5m \u0111\u1ec3 theo d\u00f5i t\u1ebf b\u00e0o th\u1eddi gian th\u1ef1c \u2013 di chuy\u1ec3n, t\u0103ng tr\u01b0\u1edfng, x\u00e2m l\u1ea5n v\u00e0 nhi\u1ec1u lo\u1ea1i x\u00e9t nghi\u1ec7m phenotypic kh\u00e1c.<\/span><\/p>\n<p><a href=\"https:\/\/youtu.be\/xCDo1PlQ2OI\" target=\"_blank\" rel=\"noopener noreferrer\"><span style=\"font-size: 12.0pt;\">https:\/\/youtu.be\/xCDo1PlQ2OI<\/span><\/a><\/p>\n<p><span style=\"font-size: 12.0pt;\"><strong>M\u1eabu:<\/strong> T\u1ebf b\u00e0o ung th\u01b0 bu\u1ed3ng tr\u1ee9ng ng\u01b0\u1eddi (HM-4)<\/span><\/p>\n<p><span style=\"font-size: 12.0pt;\"><strong>M\u00f4 t\u1ea3:<\/strong> Video time-lapse cho th\u1ea5y s\u1ef1 h\u00ecnh th\u00e0nh kh\u1ed1i c\u1ea7u 3D s\u1eed d\u1ee5ng chip spheroid treo t\u1ef1 ch\u1ebf.<\/span><\/p>\n<p><span style=\"font-size: 12.0pt;\"><strong>\u1ee8ng d\u1ee5ng t\u01b0\u01a1ng t\u1ef1:<\/strong> Di chuy\u1ec3n t\u1ebf b\u00e0o, ch\u1eefa l\u00e0nh v\u1ebft th\u01b0\u01a1ng, nghi\u00ean c\u1ee9u h\u1ee3p l\u01b0u t\u1ebf b\u00e0o<\/span><\/p>\n<p><a href=\"https:\/\/youtu.be\/aaBWfukuw9E\" target=\"_blank\" rel=\"noopener noreferrer\"><span style=\"font-size: 12.0pt;\">https:\/\/youtu.be\/aaBWfukuw9E<\/span><\/a><\/p>\n<p><span style=\"font-size: 12.0pt;\"><strong>M\u1eabu:<\/strong> T\u1ebf b\u00e0o c\u01a1 tim<\/span><\/p>\n<p><span style=\"font-size: 12.0pt;\"><strong>M\u00f4 t\u1ea3:<\/strong> Video time-lapse cho th\u1ea5y t\u1ebf b\u00e0o g\u1ed1c c\u01a1 tim bi\u1ec7t h\u00f3a c\u00f3 hi\u1ec7n t\u01b0\u1ee3ng co b\u00f3p.<\/span><\/p>\n<p><span style=\"font-size: 12.0pt;\"><strong>\u1ee8ng d\u1ee5ng t\u01b0\u01a1ng t\u1ef1:<\/strong> Nghi\u00ean c\u1ee9u li\u00ean quan t\u1ebf b\u00e0o g\u1ed1c<\/span><\/p>\n<p><a href=\"https:\/\/youtu.be\/mHuIPfxXREo\" target=\"_blank\" rel=\"noopener noreferrer\"><span style=\"font-size: 12.0pt;\">https:\/\/youtu.be\/mHuIPfxXREo<\/span><\/a><\/p>\n<p><span style=\"font-size: 12.0pt;\"><strong>M\u1eabu:<\/strong> Organoid ph\u1ed5i ph\u00f4i ng\u01b0\u1eddi (\u0111\u1ed1i ch\u1ee9ng v\u00e0 sau chuy\u1ec3n gen IGFBP3 siRNA)<\/span><\/p>\n<p><span style=\"font-size: 12.0pt;\"><strong>M\u00f4 t\u1ea3:<\/strong> Video time-lapse cho th\u1ea5y qu\u00e1 tr\u00ecnh bi\u1ec7t h\u00f3a c\u1ee7a organoid ph\u1ed5i ph\u00f4i ng\u01b0\u1eddi sau chuy\u1ec3n gen IGFBP3 siRNA. EzScope 101 ghi l\u1ea1i s\u1ef1 thay \u0111\u1ed5i h\u00ecnh th\u00e1i trong 48 gi\u1edd, cho ph\u00e9p quan s\u00e1t chi ti\u1ebft c\u00e1c hi\u1ec7u \u1ee9ng chuy\u1ec3n gen m\u00e0 kh\u00f4ng l\u00e0m \u1ea3nh h\u01b0\u1edfng \u0111\u1ebfn m\u00f4i tr\u01b0\u1eddng nu\u00f4i c\u1ea5y.<\/span><\/p>\n<p><span style=\"font-size: 12.0pt;\"><strong>\u1ee8ng d\u1ee5ng t\u01b0\u01a1ng t\u1ef1:<\/strong> Bi\u1ec7t h\u00f3a organoid, nghi\u00ean c\u1ee9u t\u0103ng tr\u01b0\u1edfng t\u1ebf b\u00e0o, h\u00ecnh \u1ea3nh t\u1ebf b\u00e0o s\u1ed1ng th\u1eddi gian th\u1ef1c.<\/span><\/p>\n<p><a href=\"https:\/\/youtu.be\/qihtSFJMr6c\" target=\"_blank\" rel=\"noopener noreferrer\"><span style=\"font-size: 12.0pt;\">https:\/\/youtu.be\/qihtSFJMr6c<\/span><\/a><\/p>\n<p><span style=\"font-size: 12.0pt;\"><strong>M\u1eabu:<\/strong> Organoid kh\u1ed1i u ph\u1ed5i<\/span><\/p>\n<p><span style=\"font-size: 12.0pt;\"><strong>M\u00f4 t\u1ea3:<\/strong> Video time-lapse ghi nh\u1eadn s\u1ef1 ph\u00e1t tri\u1ec3n v\u00e0 thay \u0111\u1ed5i h\u00ecnh th\u00e1i c\u1ee7a organoid kh\u1ed1i u ph\u1ed5i b\u1eb1ng H\u1ec7 th\u1ed1ng Quan S\u00e1t T\u1ebf B\u00e0o Theo Th\u1eddi Gian Th\u1ef1c EzScope 101. Ghi h\u00ecnh li\u00ean t\u1ee5c trong t\u1ee7 \u1ea5m cho ph\u00e9p theo d\u00f5i s\u1ef1 ph\u00e1t tri\u1ec3n c\u1ee7a organoid theo th\u1eddi gian th\u1ef1c, cung c\u1ea5p d\u1eef li\u1ec7u qu\u00fd gi\u00e1 v\u1ec1 h\u00e0nh vi t\u1ebf b\u00e0o ung th\u01b0.<\/span><\/p>\n<p><span style=\"font-size: 12.0pt;\"><strong>\u1ee8ng d\u1ee5ng t\u01b0\u01a1ng t\u1ef1:<\/strong> Nghi\u00ean c\u1ee9u t\u0103ng tr\u01b0\u1edfng t\u1ebf b\u00e0o, s\u00e0ng l\u1ecdc thu\u1ed1c \u0111i\u1ec1u tr\u1ecb ung th\u01b0, m\u00f4 h\u00ecnh h\u00f3a b\u1ec7nh d\u1ef1a tr\u00ean organoid<\/span><\/p>\n","protected":false},"excerpt":{"rendered":"<p>EzScope 101 &#8211; H\u1ec7 th\u1ed1ng quan s\u00e1t t\u1ebf b\u00e0o tr\u1ef1c ti\u1ebfp &amp; li\u00ean t\u1ee5c EzScope 101 l\u00e0 h\u1ec7 th\u1ed1ng chuy\u00ean bi\u1ec7t d\u00e0nh cho h\u00ecnh \u1ea3nh t\u1ebf b\u00e0o s\u1ed1ng, gi\u00fap t\u1ed1i \u01b0u quy tr\u00ecnh nghi\u00ean c\u1ee9u v\u1edbi hi\u1ec7u qu\u1ea3 v\u00e0 n\u0103ng su\u1ea5t cao h\u01a1n, kh\u00f4ng c\u00f2n c\u1ea7n ph\u1ea3i l\u1ea5y t\u1ebf b\u00e0o ra kh\u1ecfi t\u1ee7 \u1ea5m \u0111\u1ec3<\/p>\n<div class=\"klb-readmore post-buttons\"><a class=\"button rounded primary\" href=\"https:\/\/biogroupvietnam.com\/vi\/san-pham\/ezscope-101-he-thong-quan-sat-te-bao-theo-thoi-gian-thuc\/\">Read More <i class=\"klbth-icon-right-arrow\"><\/i><\/a><\/div>\n","protected":false},"featured_media":8910,"comment_status":"closed","ping_status":"closed","template":"","meta":{"_acf_changed":false},"product_brand":[135],"product_cat":[121],"product_tag":[],"class_list":{"0":"post-4114","1":"product","2":"type-product","3":"status-publish","4":"has-post-thumbnail","6":"product_brand-blue-ray-biotech","7":"product_cat-tu-an-toan-sinh-hoc","9":"first","10":"outofstock","11":"shipping-taxable","12":"product-type-simple"},"acf":[],"yoast_head":"<!-- This site is optimized with the Yoast SEO plugin v26.8 - https:\/\/yoast.com\/product\/yoast-seo-wordpress\/ -->\n<title>EzScope 101 - H\u1ec7 th\u1ed1ng Quan S\u00e1t T\u1ebf B\u00e0o Theo Th\u1eddi Gian Th\u1ef1c<\/title>\n<meta name=\"description\" content=\"EzScope 101 l\u00e0 h\u1ec7 th\u1ed1ng chuy\u00ean bi\u1ec7t d\u00e0nh cho h\u00ecnh \u1ea3nh t\u1ebf b\u00e0o s\u1ed1ng, gi\u00fap t\u1ed1i \u01b0u quy tr\u00ecnh nghi\u00ean c\u1ee9u v\u1edbi hi\u1ec7u qu\u1ea3 v\u00e0 n\u0103ng su\u1ea5t cao h\u01a1n, kh\u00f4ng c\u00f2n c\u1ea7n ph\u1ea3i l\u1ea5y t\u1ebf b\u00e0o ra kh\u1ecfi t\u1ee7 \u1ea5m \u0111\u1ec3 quan s\u00e1t.\" \/>\n<meta name=\"robots\" content=\"index, follow, max-snippet:-1, max-image-preview:large, max-video-preview:-1\" \/>\n<link rel=\"canonical\" href=\"https:\/\/biogroupvietnam.com\/vi\/san-pham\/ezscope-101-he-thong-quan-sat-te-bao-theo-thoi-gian-thuc\/\" \/>\n<meta property=\"og:locale\" content=\"vi_VN\" \/>\n<meta property=\"og:type\" content=\"article\" \/>\n<meta property=\"og:title\" content=\"EzScope 101 - H\u1ec7 th\u1ed1ng Quan S\u00e1t T\u1ebf B\u00e0o Theo Th\u1eddi Gian Th\u1ef1c\" \/>\n<meta property=\"og:description\" content=\"EzScope 101 l\u00e0 h\u1ec7 th\u1ed1ng chuy\u00ean bi\u1ec7t d\u00e0nh cho h\u00ecnh \u1ea3nh t\u1ebf b\u00e0o s\u1ed1ng, gi\u00fap t\u1ed1i \u01b0u quy tr\u00ecnh nghi\u00ean c\u1ee9u v\u1edbi hi\u1ec7u qu\u1ea3 v\u00e0 n\u0103ng su\u1ea5t cao h\u01a1n, kh\u00f4ng c\u00f2n c\u1ea7n ph\u1ea3i l\u1ea5y t\u1ebf b\u00e0o ra kh\u1ecfi t\u1ee7 \u1ea5m \u0111\u1ec3 quan s\u00e1t.\" \/>\n<meta property=\"og:url\" content=\"https:\/\/biogroupvietnam.com\/vi\/san-pham\/ezscope-101-he-thong-quan-sat-te-bao-theo-thoi-gian-thuc\/\" \/>\n<meta property=\"og:site_name\" content=\"Biogroup Vietnam\" \/>\n<meta property=\"article:modified_time\" content=\"2026-04-14T10:46:25+00:00\" \/>\n<meta property=\"og:image\" content=\"https:\/\/biogroupvietnam.com\/wp-content\/uploads\/2025\/08\/EzScope-101.jpg\" \/>\n\t<meta property=\"og:image:width\" content=\"1640\" \/>\n\t<meta property=\"og:image:height\" content=\"1260\" \/>\n\t<meta property=\"og:image:type\" content=\"image\/jpeg\" \/>\n<meta name=\"twitter:card\" content=\"summary_large_image\" \/>\n<meta name=\"twitter:label1\" content=\"\u01af\u1edbc t\u00ednh th\u1eddi gian \u0111\u1ecdc\" \/>\n\t<meta name=\"twitter:data1\" content=\"4 ph\u00fat\" \/>\n<script type=\"application\/ld+json\" class=\"yoast-schema-graph\">{\"@context\":\"https:\/\/schema.org\",\"@graph\":[{\"@type\":\"WebPage\",\"@id\":\"https:\/\/biogroupvietnam.com\/vi\/san-pham\/ezscope-101-he-thong-quan-sat-te-bao-theo-thoi-gian-thuc\/\",\"url\":\"https:\/\/biogroupvietnam.com\/vi\/san-pham\/ezscope-101-he-thong-quan-sat-te-bao-theo-thoi-gian-thuc\/\",\"name\":\"EzScope 101 - H\u1ec7 th\u1ed1ng Quan S\u00e1t T\u1ebf B\u00e0o Theo Th\u1eddi Gian Th\u1ef1c\",\"isPartOf\":{\"@id\":\"https:\/\/biogroupvietnam.com\/vi\/#website\"},\"primaryImageOfPage\":{\"@id\":\"https:\/\/biogroupvietnam.com\/vi\/san-pham\/ezscope-101-he-thong-quan-sat-te-bao-theo-thoi-gian-thuc\/#primaryimage\"},\"image\":{\"@id\":\"https:\/\/biogroupvietnam.com\/vi\/san-pham\/ezscope-101-he-thong-quan-sat-te-bao-theo-thoi-gian-thuc\/#primaryimage\"},\"thumbnailUrl\":\"https:\/\/biogroupvietnam.com\/wp-content\/uploads\/2025\/08\/EzScope-101.jpg\",\"datePublished\":\"2025-08-18T12:56:39+00:00\",\"dateModified\":\"2026-04-14T10:46:25+00:00\",\"description\":\"EzScope 101 l\u00e0 h\u1ec7 th\u1ed1ng chuy\u00ean bi\u1ec7t d\u00e0nh cho h\u00ecnh \u1ea3nh t\u1ebf b\u00e0o s\u1ed1ng, gi\u00fap t\u1ed1i \u01b0u quy tr\u00ecnh nghi\u00ean c\u1ee9u v\u1edbi hi\u1ec7u qu\u1ea3 v\u00e0 n\u0103ng su\u1ea5t cao h\u01a1n, kh\u00f4ng c\u00f2n c\u1ea7n ph\u1ea3i l\u1ea5y t\u1ebf b\u00e0o ra kh\u1ecfi t\u1ee7 \u1ea5m \u0111\u1ec3 quan s\u00e1t.\",\"breadcrumb\":{\"@id\":\"https:\/\/biogroupvietnam.com\/vi\/san-pham\/ezscope-101-he-thong-quan-sat-te-bao-theo-thoi-gian-thuc\/#breadcrumb\"},\"inLanguage\":\"vi\",\"potentialAction\":[{\"@type\":\"ReadAction\",\"target\":[\"https:\/\/biogroupvietnam.com\/vi\/san-pham\/ezscope-101-he-thong-quan-sat-te-bao-theo-thoi-gian-thuc\/\"]}]},{\"@type\":\"ImageObject\",\"inLanguage\":\"vi\",\"@id\":\"https:\/\/biogroupvietnam.com\/vi\/san-pham\/ezscope-101-he-thong-quan-sat-te-bao-theo-thoi-gian-thuc\/#primaryimage\",\"url\":\"https:\/\/biogroupvietnam.com\/wp-content\/uploads\/2025\/08\/EzScope-101.jpg\",\"contentUrl\":\"https:\/\/biogroupvietnam.com\/wp-content\/uploads\/2025\/08\/EzScope-101.jpg\",\"width\":1640,\"height\":1260},{\"@type\":\"BreadcrumbList\",\"@id\":\"https:\/\/biogroupvietnam.com\/vi\/san-pham\/ezscope-101-he-thong-quan-sat-te-bao-theo-thoi-gian-thuc\/#breadcrumb\",\"itemListElement\":[{\"@type\":\"ListItem\",\"position\":1,\"name\":\"Trang ch\u1ee7\",\"item\":\"https:\/\/biogroupvietnam.com\/vi\/\"},{\"@type\":\"ListItem\",\"position\":2,\"name\":\"S\u1ea3n ph\u1ea9m\",\"item\":\"https:\/\/biogroupvietnam.com\/vi\/san-pham\/\"},{\"@type\":\"ListItem\",\"position\":3,\"name\":\"R&amp;D Sinh H\u1ecdc\",\"item\":\"https:\/\/biogroupvietnam.com\/vi\/danh-muc-san-pham\/rd-sinh-hoc\/\"},{\"@type\":\"ListItem\",\"position\":4,\"name\":\"T\u1ee7 an to\u00e0n sinh h\u1ecdc\",\"item\":\"https:\/\/biogroupvietnam.com\/vi\/danh-muc-san-pham\/tu-an-toan-sinh-hoc\/\"},{\"@type\":\"ListItem\",\"position\":5,\"name\":\"EzScope 101 &#8211; H\u1ec7 th\u1ed1ng Quan S\u00e1t T\u1ebf B\u00e0o Theo Th\u1eddi Gian Th\u1ef1c\"}]},{\"@type\":\"WebSite\",\"@id\":\"https:\/\/biogroupvietnam.com\/vi\/#website\",\"url\":\"https:\/\/biogroupvietnam.com\/vi\/\",\"name\":\"Biogroup Vietnam\",\"description\":\"Biogroup Vietnam cung c\u1ea5p d\u1ecbch v\u1ee5 k\u1ef9 thu\u1eadt c\u00f9ng thi\u1ebft b\u1ecb, v\u1eadt t\u01b0, h\u00f3a ch\u1ea5t v\u00e0 gi\u1ea3i ph\u00e1p sinh h\u1ecdc cho ph\u00f2ng th\u00ed nghi\u1ec7m c\u00f4ng ngh\u1ec7 sinh h\u1ecdc, y sinh v\u00e0 y h\u1ecdc t\u00e1i t\u1ea1o.\",\"potentialAction\":[{\"@type\":\"SearchAction\",\"target\":{\"@type\":\"EntryPoint\",\"urlTemplate\":\"https:\/\/biogroupvietnam.com\/vi\/?s={search_term_string}\"},\"query-input\":{\"@type\":\"PropertyValueSpecification\",\"valueRequired\":true,\"valueName\":\"search_term_string\"}}],\"inLanguage\":\"vi\"}]}<\/script>\n<!-- \/ Yoast SEO plugin. -->","yoast_head_json":{"title":"EzScope 101 - H\u1ec7 th\u1ed1ng Quan S\u00e1t T\u1ebf B\u00e0o Theo Th\u1eddi Gian Th\u1ef1c","description":"EzScope 101 l\u00e0 h\u1ec7 th\u1ed1ng chuy\u00ean bi\u1ec7t d\u00e0nh cho h\u00ecnh \u1ea3nh t\u1ebf b\u00e0o s\u1ed1ng, gi\u00fap t\u1ed1i \u01b0u quy tr\u00ecnh nghi\u00ean c\u1ee9u v\u1edbi hi\u1ec7u qu\u1ea3 v\u00e0 n\u0103ng su\u1ea5t cao h\u01a1n, kh\u00f4ng c\u00f2n c\u1ea7n ph\u1ea3i l\u1ea5y t\u1ebf b\u00e0o ra kh\u1ecfi t\u1ee7 \u1ea5m \u0111\u1ec3 quan s\u00e1t.","robots":{"index":"index","follow":"follow","max-snippet":"max-snippet:-1","max-image-preview":"max-image-preview:large","max-video-preview":"max-video-preview:-1"},"canonical":"https:\/\/biogroupvietnam.com\/vi\/san-pham\/ezscope-101-he-thong-quan-sat-te-bao-theo-thoi-gian-thuc\/","og_locale":"vi_VN","og_type":"article","og_title":"EzScope 101 - H\u1ec7 th\u1ed1ng Quan S\u00e1t T\u1ebf B\u00e0o Theo Th\u1eddi Gian Th\u1ef1c","og_description":"EzScope 101 l\u00e0 h\u1ec7 th\u1ed1ng chuy\u00ean bi\u1ec7t d\u00e0nh cho h\u00ecnh \u1ea3nh t\u1ebf b\u00e0o s\u1ed1ng, gi\u00fap t\u1ed1i \u01b0u quy tr\u00ecnh nghi\u00ean c\u1ee9u v\u1edbi hi\u1ec7u qu\u1ea3 v\u00e0 n\u0103ng su\u1ea5t cao h\u01a1n, kh\u00f4ng c\u00f2n c\u1ea7n ph\u1ea3i l\u1ea5y t\u1ebf b\u00e0o ra kh\u1ecfi t\u1ee7 \u1ea5m \u0111\u1ec3 quan s\u00e1t.","og_url":"https:\/\/biogroupvietnam.com\/vi\/san-pham\/ezscope-101-he-thong-quan-sat-te-bao-theo-thoi-gian-thuc\/","og_site_name":"Biogroup Vietnam","article_modified_time":"2026-04-14T10:46:25+00:00","og_image":[{"width":1640,"height":1260,"url":"https:\/\/biogroupvietnam.com\/wp-content\/uploads\/2025\/08\/EzScope-101.jpg","type":"image\/jpeg"}],"twitter_card":"summary_large_image","twitter_misc":{"\u01af\u1edbc t\u00ednh th\u1eddi gian \u0111\u1ecdc":"4 ph\u00fat"},"schema":{"@context":"https:\/\/schema.org","@graph":[{"@type":"WebPage","@id":"https:\/\/biogroupvietnam.com\/vi\/san-pham\/ezscope-101-he-thong-quan-sat-te-bao-theo-thoi-gian-thuc\/","url":"https:\/\/biogroupvietnam.com\/vi\/san-pham\/ezscope-101-he-thong-quan-sat-te-bao-theo-thoi-gian-thuc\/","name":"EzScope 101 - H\u1ec7 th\u1ed1ng Quan S\u00e1t T\u1ebf B\u00e0o Theo Th\u1eddi Gian Th\u1ef1c","isPartOf":{"@id":"https:\/\/biogroupvietnam.com\/vi\/#website"},"primaryImageOfPage":{"@id":"https:\/\/biogroupvietnam.com\/vi\/san-pham\/ezscope-101-he-thong-quan-sat-te-bao-theo-thoi-gian-thuc\/#primaryimage"},"image":{"@id":"https:\/\/biogroupvietnam.com\/vi\/san-pham\/ezscope-101-he-thong-quan-sat-te-bao-theo-thoi-gian-thuc\/#primaryimage"},"thumbnailUrl":"https:\/\/biogroupvietnam.com\/wp-content\/uploads\/2025\/08\/EzScope-101.jpg","datePublished":"2025-08-18T12:56:39+00:00","dateModified":"2026-04-14T10:46:25+00:00","description":"EzScope 101 l\u00e0 h\u1ec7 th\u1ed1ng chuy\u00ean bi\u1ec7t d\u00e0nh cho h\u00ecnh \u1ea3nh t\u1ebf b\u00e0o s\u1ed1ng, gi\u00fap t\u1ed1i \u01b0u quy tr\u00ecnh nghi\u00ean c\u1ee9u v\u1edbi hi\u1ec7u qu\u1ea3 v\u00e0 n\u0103ng su\u1ea5t cao h\u01a1n, kh\u00f4ng c\u00f2n c\u1ea7n ph\u1ea3i l\u1ea5y t\u1ebf b\u00e0o ra kh\u1ecfi t\u1ee7 \u1ea5m \u0111\u1ec3 quan s\u00e1t.","breadcrumb":{"@id":"https:\/\/biogroupvietnam.com\/vi\/san-pham\/ezscope-101-he-thong-quan-sat-te-bao-theo-thoi-gian-thuc\/#breadcrumb"},"inLanguage":"vi","potentialAction":[{"@type":"ReadAction","target":["https:\/\/biogroupvietnam.com\/vi\/san-pham\/ezscope-101-he-thong-quan-sat-te-bao-theo-thoi-gian-thuc\/"]}]},{"@type":"ImageObject","inLanguage":"vi","@id":"https:\/\/biogroupvietnam.com\/vi\/san-pham\/ezscope-101-he-thong-quan-sat-te-bao-theo-thoi-gian-thuc\/#primaryimage","url":"https:\/\/biogroupvietnam.com\/wp-content\/uploads\/2025\/08\/EzScope-101.jpg","contentUrl":"https:\/\/biogroupvietnam.com\/wp-content\/uploads\/2025\/08\/EzScope-101.jpg","width":1640,"height":1260},{"@type":"BreadcrumbList","@id":"https:\/\/biogroupvietnam.com\/vi\/san-pham\/ezscope-101-he-thong-quan-sat-te-bao-theo-thoi-gian-thuc\/#breadcrumb","itemListElement":[{"@type":"ListItem","position":1,"name":"Trang ch\u1ee7","item":"https:\/\/biogroupvietnam.com\/vi\/"},{"@type":"ListItem","position":2,"name":"S\u1ea3n ph\u1ea9m","item":"https:\/\/biogroupvietnam.com\/vi\/san-pham\/"},{"@type":"ListItem","position":3,"name":"R&amp;D Sinh H\u1ecdc","item":"https:\/\/biogroupvietnam.com\/vi\/danh-muc-san-pham\/rd-sinh-hoc\/"},{"@type":"ListItem","position":4,"name":"T\u1ee7 an to\u00e0n sinh h\u1ecdc","item":"https:\/\/biogroupvietnam.com\/vi\/danh-muc-san-pham\/tu-an-toan-sinh-hoc\/"},{"@type":"ListItem","position":5,"name":"EzScope 101 &#8211; H\u1ec7 th\u1ed1ng Quan S\u00e1t T\u1ebf B\u00e0o Theo Th\u1eddi Gian Th\u1ef1c"}]},{"@type":"WebSite","@id":"https:\/\/biogroupvietnam.com\/vi\/#website","url":"https:\/\/biogroupvietnam.com\/vi\/","name":"Biogroup Vietnam","description":"Biogroup Vietnam cung c\u1ea5p d\u1ecbch v\u1ee5 k\u1ef9 thu\u1eadt c\u00f9ng thi\u1ebft b\u1ecb, v\u1eadt t\u01b0, h\u00f3a ch\u1ea5t v\u00e0 gi\u1ea3i ph\u00e1p sinh h\u1ecdc cho ph\u00f2ng th\u00ed nghi\u1ec7m c\u00f4ng ngh\u1ec7 sinh h\u1ecdc, y sinh v\u00e0 y h\u1ecdc t\u00e1i t\u1ea1o.","potentialAction":[{"@type":"SearchAction","target":{"@type":"EntryPoint","urlTemplate":"https:\/\/biogroupvietnam.com\/vi\/?s={search_term_string}"},"query-input":{"@type":"PropertyValueSpecification","valueRequired":true,"valueName":"search_term_string"}}],"inLanguage":"vi"}]}},"_links":{"self":[{"href":"https:\/\/biogroupvietnam.com\/vi\/wp-json\/wp\/v2\/product\/4114","targetHints":{"allow":["GET"]}}],"collection":[{"href":"https:\/\/biogroupvietnam.com\/vi\/wp-json\/wp\/v2\/product"}],"about":[{"href":"https:\/\/biogroupvietnam.com\/vi\/wp-json\/wp\/v2\/types\/product"}],"replies":[{"embeddable":true,"href":"https:\/\/biogroupvietnam.com\/vi\/wp-json\/wp\/v2\/comments?post=4114"}],"version-history":[{"count":7,"href":"https:\/\/biogroupvietnam.com\/vi\/wp-json\/wp\/v2\/product\/4114\/revisions"}],"predecessor-version":[{"id":8604,"href":"https:\/\/biogroupvietnam.com\/vi\/wp-json\/wp\/v2\/product\/4114\/revisions\/8604"}],"wp:featuredmedia":[{"embeddable":true,"href":"https:\/\/biogroupvietnam.com\/vi\/wp-json\/wp\/v2\/media\/8910"}],"wp:attachment":[{"href":"https:\/\/biogroupvietnam.com\/vi\/wp-json\/wp\/v2\/media?parent=4114"}],"wp:term":[{"taxonomy":"product_brand","embeddable":true,"href":"https:\/\/biogroupvietnam.com\/vi\/wp-json\/wp\/v2\/product_brand?post=4114"},{"taxonomy":"product_cat","embeddable":true,"href":"https:\/\/biogroupvietnam.com\/vi\/wp-json\/wp\/v2\/product_cat?post=4114"},{"taxonomy":"product_tag","embeddable":true,"href":"https:\/\/biogroupvietnam.com\/vi\/wp-json\/wp\/v2\/product_tag?post=4114"}],"curies":[{"name":"wp","href":"https:\/\/api.w.org\/{rel}","templated":true}]}}