{"id":8370,"date":"2025-09-30T09:30:33","date_gmt":"2025-09-30T02:30:33","guid":{"rendered":"https:\/\/biogroupvietnam.com\/san-pham\/\/"},"modified":"2025-11-17T09:06:40","modified_gmt":"2025-11-17T02:06:40","slug":"may-han-day-dat-ban-tiet-kiem-khong-gian-genesis-tube-sealer-rapid-seal-se540","status":"publish","type":"product","link":"https:\/\/biogroupvietnam.com\/vi\/san-pham\/may-han-day-dat-ban-tiet-kiem-khong-gian-genesis-tube-sealer-rapid-seal-se540\/","title":{"rendered":"M\u00e1y h\u00e0n d\u00e2y \u0111\u1eb7t b\u00e0n ti\u1ebft ki\u1ec7m kh\u00f4ng gian &#8211; Genesis Tube Sealer Rapid Seal SE540"},"content":{"rendered":"<h3><strong>M\u00e1y h\u00e0n d\u00e2y SE540 ti\u1ebft ki\u1ec7m kh\u00f4ng gian cho ng\u00e2n h\u00e0ng m\u00e1u &amp; li\u1ec7u ph\u00e1p t\u1ebf b\u00e0o (Genesis <\/strong>Tube Sealer Rapid Seal SE540<strong>)<\/strong><\/h3>\n<h3><strong>T\u1ed5ng quan<\/strong><\/h3>\n<p><strong>SE540<\/strong> l\u00e0 m\u00e1y h\u00e0n d\u00e2y (tube sealer) \u0111\u1eb7t b\u00e0n ki\u1ec3u <strong>space-saving<\/strong> d\u00f9ng c\u00f4ng ngh\u1ec7 <strong>Rapid Seal II\u2122<\/strong> cho ph\u00e9p h\u00e0n nhanh, \u1ed5n \u0111\u1ecbnh v\u00e0 kh\u00f4ng c\u1ea7n th\u1eddi gian l\u00e0m n\u00f3ng. Thi\u1ebft b\u1ecb c\u00f3 <strong>c\u1ea5u h\u00ecnh 2 trong 1<\/strong>: \u0111\u1ea7u h\u00e0n c\u1ed1 \u0111\u1ecbnh <strong>v\u00e0<\/strong> tay h\u00e0n c\u1ea7m tay (hand-held), ph\u00f9 h\u1ee3p nhi\u1ec1u t\u00ecnh hu\u1ed1ng thao t\u00e1c t\u1ea1i b\u0103ng gh\u1ebf v\u00e0 tr\u00ean d\u00e2y chuy\u1ec1n x\u1eed l\u00fd ch\u1ebf ph\u1ea9m m\u00e1u\/s\u1ea3n ph\u1ea9m t\u1ebf b\u00e0o<em>.<\/em><\/p>\n<h3><strong>\u0110i\u1ec3m n\u1ed5i b\u1eadt k\u1ef9 thu\u1eadt<\/strong><\/h3>\n<ul>\n<li><strong>H\u00e0n t\u1ee9c th\u00ec \u2013 kh\u00f4ng c\u1ea7n warm-up<\/strong>, <strong>kh\u00f4ng qu\u00e1 nhi\u1ec7t<\/strong> nh\u1edd c\u00f4ng ngh\u1ec7 Rapid Seal II\u2122; v\u1ebft h\u00e0n c\u00f3 <strong>\u201cNotched Seal\u2122\u201d<\/strong> gi\u00fap <strong>b\u1ebb t\u00e1ch d\u1ec5 d\u00e0ng<\/strong> khi c\u1ea7n chia \u0111o\u1ea1n d\u00e2y<em>.<\/em><\/li>\n<li><strong>\u201cIntelligent\u201d RF Board<\/strong> t\u1ef1 \u0111\u1ed9ng nh\u1eadn v\u00e0 \u0111i\u1ec1u ch\u1ec9nh theo k\u00edch th\u01b0\u1edbc \u1ed1ng d\u00e2y trong <strong>d\u1ea3i h\u1ed7 tr\u1ee3 \u0111\u1ebfn 6 mm (1\/4\u201d)<\/strong>, n\u00e2ng cao \u0111\u1ed9 l\u1eb7p l\u1ea1i &amp; \u0111\u1ed9 k\u00edn.<\/li>\n<li><strong>C\u1ea5u h\u00ecnh linh ho\u1ea1t cho s\u1ea3n l\u01b0\u1ee3ng cao<\/strong>: SE540 c\u00f3 th\u1ec3 d\u00f9ng <strong>\u0111\u1ed9c l\u1eadp<\/strong> ho\u1eb7c <strong>gh\u00e9p nhi\u1ec1u m\u00e1y<\/strong> (3\u20136+ \u0111\u1ea7u h\u00e0n) th\u00e0nh <strong>multi-head sealer<\/strong>.<\/li>\n<li><strong>An to\u00e0n &amp; v\u1ec7 sinh thao t\u00e1c<\/strong>: <strong>splash guard<\/strong>, <strong>Easy-Clean head protector<\/strong>, <strong>c\u00e1p 6 ft<\/strong> cho tay h\u00e0n thao t\u00e1c thu\u1eadn ti\u1ec7n.<\/li>\n<li><strong>Ti\u1ebft ki\u1ec7m di\u1ec7n t\u00edch<\/strong>: th\u00e2n m\u00e1y <strong>m\u1ecfng \u2013 cao<\/strong> t\u1ed1i \u01b0u kh\u00f4ng gian b\u0103ng gh\u1ebf.<\/li>\n<li><strong>Tu\u00e2n th\u1ee7 CE &amp; UL<\/strong>, <strong>b\u1ea3o h\u00e0nh 1 n\u0103m<\/strong>; th\u01b0\u01a1ng hi\u1ec7u GenesisBPS \u0111\u01b0\u1ee3c tin d\u00f9ng r\u1ed9ng r\u00e3i t\u1ea1i c\u00e1c ng\u00e2n h\u00e0ng m\u00e1u.<\/li>\n<\/ul>\n<h3><strong>\u1ee8ng d\u1ee5ng \u0111i\u1ec3n h\u00ecnh trong v\u1eadn h\u00e0nh th\u1ef1c t\u1ebf<\/strong><\/h3>\n<ul>\n<li>Chia ph\u1ea7n (aliquot), gi\u1ea3m th\u1ec3 t\u00edch, ph\u00e2n t\u00e1ch\/gh\u00e9p \u0111o\u1ea1n \u1ed1ng trong <strong>x\u1eed l\u00fd th\u00e0nh ph\u1ea7n m\u00e1u<\/strong> v\u00e0 <strong>chu\u1ea9n b\u1ecb s\u1ea3n ph\u1ea9m t\u1ebf b\u00e0o<\/strong>.<\/li>\n<li>H\u00e0n ni\u00eam k\u00edn c\u00e1c nh\u00e1nh \u1ed1ng tr\u00ean <strong>b\u1ed9 t\u00fai l\u1ea5y m\u00e1u, apheresis<\/strong>, hay khi <strong>l\u1ea5y m\u1eabu QC<\/strong>.<\/li>\n<li>T\u1ed1i \u01b0u tr\u1ea1m thao t\u00e1c c\u00f3 kh\u00f4ng gian h\u1ea1n ch\u1ebf (bank m\u00e1u, lab GMP-like, khu ti\u1ebfp nh\u1eadn \u2013 c\u1ea5p ph\u00e1t).<\/li>\n<\/ul>\n<h3><strong>Th\u00f4ng s\u1ed1 &amp; c\u1ea5u h\u00ecnh ch\u00ednh (SE540)<\/strong><\/h3>\n<table width=\"623\">\n<tbody>\n<tr>\n<td width=\"170\"><strong>H\u1ea1ng m\u1ee5c<\/strong><\/td>\n<td width=\"454\"><strong>Gi\u00e1 tr\u1ecb<\/strong><\/td>\n<\/tr>\n<tr>\n<td width=\"170\"><strong>M\u00f4 t\u1ea3<\/strong><\/td>\n<td width=\"454\">Space-saving <strong>benchtop sealer<\/strong> \u2013 <strong>fixed head + hand-held<\/strong><\/td>\n<\/tr>\n<tr>\n<td width=\"170\"><strong>Catalog<\/strong><\/td>\n<td width=\"454\"><strong>428-SE540<\/strong><\/td>\n<\/tr>\n<tr>\n<td width=\"170\"><strong>C\u00f4ng ngh\u1ec7 h\u00e0n<\/strong><\/td>\n<td width=\"454\"><strong>Rapid Seal II\u2122<\/strong> \u2013 th\u1eddi gian h\u00e0n <strong>0,5\u20131,2 gi\u00e2y<\/strong><\/td>\n<\/tr>\n<tr>\n<td width=\"170\"><strong>\u0110\u01b0\u1eddng k\u00ednh \u1ed1ng t\u1ed1i \u0111a<\/strong><\/td>\n<td width=\"454\"><strong>6 mm (1\/4\u201d)<\/strong><\/td>\n<\/tr>\n<tr>\n<td width=\"170\"><strong>Tay h\u00e0n c\u1ea7m tay<\/strong><\/td>\n<td width=\"454\">K\u00edch th\u01b0\u1edbc <strong>1.1 W \u00d7 1.8 H \u00d7 8.1 D in<\/strong> (\u2248 <strong>28 \u00d7 44 \u00d7 204 mm<\/strong>); kh\u1ed1i l\u01b0\u1ee3ng <strong>0,5 lb (0,2 kg)<\/strong><\/td>\n<\/tr>\n<tr>\n<td width=\"170\"><strong>K\u00edch th\u01b0\u1edbc th\u00e2n m\u00e1y<\/strong><\/td>\n<td width=\"454\"><strong>2.9 W \u00d7 9.7 H \u00d7 12.8 D in<\/strong> (\u2248 <strong>74 \u00d7 248 \u00d7 326 mm<\/strong>)<\/td>\n<\/tr>\n<tr>\n<td width=\"170\"><strong>Kh\u1ed1i l\u01b0\u1ee3ng th\u00e2n m\u00e1y<\/strong><\/td>\n<td width=\"454\"><strong>9,7 lb (4,4 kg)<\/strong><\/td>\n<\/tr>\n<tr>\n<td width=\"170\"><strong>Ngu\u1ed3n \u0111i\u1ec7n<\/strong><\/td>\n<td width=\"454\"><strong>AC 100\u2013240 V<\/strong>, 50\/60 Hz<\/td>\n<\/tr>\n<tr>\n<td width=\"170\"><strong>\u0110\u1eb7c t\u00ednh b\u1ed5 sung<\/strong><\/td>\n<td width=\"454\"><strong>Splash guard<\/strong>, <strong>Easy-Clean head protector<\/strong>, <strong>c\u00e1p 6 ft<\/strong>, <strong>Custom sealer stand<\/strong>, <strong>head spacing linh ho\u1ea1t (75\/80\/85\/90 mm)<\/strong>; <strong>link 3\u20136+ m\u00e1y<\/strong> th\u00e0nh multi-head cho s\u1ea3n l\u01b0\u1ee3ng cao<\/td>\n<\/tr>\n<tr>\n<td width=\"170\"><strong>Tu\u00e2n th\u1ee7<\/strong><\/td>\n<td width=\"454\"><strong>CE &amp; UL<\/strong><\/td>\n<\/tr>\n<\/tbody>\n<\/table>\n<h3><strong>L\u1ee3i \u00edch v\u1eadn h\u00e0nh cho \u0111\u01a1n v\u1ecb c\u1ee7a b\u1ea1n<\/strong><\/h3>\n<ul>\n<li><strong>N\u0103ng su\u1ea5t cao, lu\u1ed3ng c\u00f4ng vi\u1ec7c li\u00ean t\u1ee5c<\/strong>: h\u00e0n &lt; 1,2 s\/m\u1ed1i, kh\u00f4ng ph\u1ea3i ch\u1edd n\u00f3ng m\u00e1y.<\/li>\n<li><strong>\u0110\u1ed9 k\u00edn &amp; \u0111\u1ed9 l\u1eb7p l\u1ea1i v\u01b0\u1ee3t tr\u1ed9i<\/strong>: RF th\u00f4ng minh + \u0111\u01b0\u1eddng h\u00e0n \u0111\u1ecbnh h\u00ecnh <strong>Notched Seal\u2122<\/strong> \u0111\u1ec3 t\u00e1ch \u0111o\u1ea1n s\u1ea1ch, gi\u1ea3m r\u1ee7i ro r\u00f2 r\u1ec9.<\/li>\n<li><strong>T\u1ed1i \u01b0u b\u1ed1 tr\u00ed b\u0103ng gh\u1ebf<\/strong>: th\u00e2n m\u00e1y m\u1ea3nh, c\u00f3 th\u1ec3 <strong>m\u1edf r\u1ed9ng multi-head<\/strong> khi t\u0103ng c\u00f4ng su\u1ea5t.<\/li>\n<li><strong>Chi ph\u00ed s\u1edf h\u1eefu h\u1ee3p l\u00fd<\/strong>: linh ki\u1ec7n b\u1ec1n, b\u1ea3o h\u00e0nh 1 n\u0103m, tu\u00e2n th\u1ee7 ti\u00eau chu\u1ea9n an to\u00e0n qu\u1ed1c t\u1ebf.<\/li>\n<\/ul>\n<h3><strong>H\u01b0\u1edbng d\u1eabn l\u1ef1a ch\u1ecdn\/tri\u1ec3n khai (g\u1ee3i \u00fd)<\/strong><\/h3>\n<ol>\n<li><strong>X\u00e1c nh\u1eadn k\u00edch th\u01b0\u1edbc \u1ed1ng<\/strong> (\u2264 6 mm OD) trong SOP hi\u1ec7n h\u1eefu.<\/li>\n<li>Ch\u1ecdn <strong>m\u1ed9t m\u00e1y SE540<\/strong> cho b\u00e0n thao t\u00e1c h\u1eb9p; ho\u1eb7c <strong>li\u00ean k\u1ebft 3\u20136+ m\u00e1y<\/strong> n\u1ebfu c\u1ea7n nhi\u1ec1u \u0111i\u1ec3m h\u00e0n \u0111\u1ed3ng th\u1eddi.<\/li>\n<li>Chu\u1ea9n h\u00f3a thao t\u00e1c: v\u1ec7 sinh \u0111\u1ea7u h\u00e0n (<strong>Easy-Clean<\/strong>), d\u00f9ng <strong>splash guard<\/strong>, ki\u1ec3m tra \u0111\u01b0\u1eddng h\u00e0n v\u00e0 <strong>ghi QC<\/strong> theo ca.<\/li>\n<\/ol>\n<h3><strong>V\u00ec sao ch\u1ecdn Biogroup Vietnam?<\/strong><\/h3>\n<p>Biogroup cung c\u1ea5p <strong>t\u01b0 v\u1ea5n c\u1ea5u h\u00ecnh<\/strong>, <strong>demo t\u1ea1i ch\u1ed7<\/strong>, <strong>l\u1eafp \u0111\u1eb7t \u2013 \u0111\u00e0o t\u1ea1o \u2013 b\u1ea3o tr\u00ec<\/strong> cho <strong>SE540<\/strong>, gi\u00fap t\u00edch h\u1ee3p tr\u01a1n tru v\u00e0o d\u00e2y chuy\u1ec1n ng\u00e2n h\u00e0ng m\u00e1u, apheresis v\u00e0 c\u00e1c ph\u00f2ng lab s\u1ea3n ph\u1ea9m t\u1ebf b\u00e0o t\u1ea1i Vi\u1ec7t Nam. Li\u00ean h\u1ec7 Biogroup \u0111\u1ec3 nh\u1eadn <strong>b\u00e1o gi\u00e1<\/strong> v\u00e0 <strong>l\u1ecbch demo<\/strong>.<\/p>\n","protected":false},"excerpt":{"rendered":"<p>M\u00e1y h\u00e0n d\u00e2y SE540 ti\u1ebft ki\u1ec7m kh\u00f4ng gian cho ng\u00e2n h\u00e0ng m\u00e1u &amp; li\u1ec7u ph\u00e1p t\u1ebf b\u00e0o (Genesis Tube Sealer Rapid Seal SE540) T\u1ed5ng quan SE540 l\u00e0 m\u00e1y h\u00e0n d\u00e2y (tube sealer) \u0111\u1eb7t b\u00e0n ki\u1ec3u space-saving d\u00f9ng c\u00f4ng ngh\u1ec7 Rapid Seal II\u2122 cho ph\u00e9p h\u00e0n nhanh, \u1ed5n \u0111\u1ecbnh v\u00e0 kh\u00f4ng c\u1ea7n th\u1eddi gian l\u00e0m n\u00f3ng.<\/p>\n<div class=\"klb-readmore post-buttons\"><a class=\"button rounded primary\" href=\"https:\/\/biogroupvietnam.com\/vi\/san-pham\/may-han-day-dat-ban-tiet-kiem-khong-gian-genesis-tube-sealer-rapid-seal-se540\/\">Read More <i class=\"klbth-icon-right-arrow\"><\/i><\/a><\/div>\n","protected":false},"featured_media":8946,"comment_status":"closed","ping_status":"closed","template":"","meta":{"_acf_changed":false},"product_brand":[123],"product_cat":[168],"product_tag":[],"class_list":{"0":"post-8370","1":"product","2":"type-product","3":"status-publish","4":"has-post-thumbnail","6":"product_brand-genesisbps","7":"product_cat-may-han-day","9":"first","10":"instock","11":"shipping-taxable","12":"product-type-simple"},"acf":[],"yoast_head":"<!-- This site is optimized with the Yoast SEO plugin v26.8 - https:\/\/yoast.com\/product\/yoast-seo-wordpress\/ -->\n<title>M\u00e1y h\u00e0n d\u00e2y \u0111\u1eb7t b\u00e0n ti\u1ebft ki\u1ec7m kh\u00f4ng gian - Genesis Tube Sealer Rapid Seal SE540 | Biogroup Vietnam<\/title>\n<meta name=\"description\" content=\"SE540 h\u00e0n \u1ed1ng d\u00e2y nhanh 0,5\u20131,2 s, kh\u00f4ng c\u1ea7n l\u00e0m n\u00f3ng, Notched Seal\u2122 d\u1ec5 t\u00e1ch, RF th\u00f4ng minh, tay h\u00e0n c\u1ea7m tay + \u0111\u1ea7u c\u1ed1 \u0111\u1ecbnh, c\u00f3 th\u1ec3 gh\u00e9p multi-head. Li\u00ean h\u1ec7 Biogroup \u0111\u1ec3 demo &amp; b\u00e1o gi\u00e1.\" \/>\n<meta name=\"robots\" content=\"index, follow, max-snippet:-1, max-image-preview:large, max-video-preview:-1\" \/>\n<link rel=\"canonical\" href=\"https:\/\/biogroupvietnam.com\/vi\/san-pham\/may-han-day-dat-ban-tiet-kiem-khong-gian-genesis-tube-sealer-rapid-seal-se540\/\" \/>\n<meta property=\"og:locale\" content=\"vi_VN\" \/>\n<meta property=\"og:type\" content=\"article\" \/>\n<meta property=\"og:title\" content=\"M\u00e1y h\u00e0n d\u00e2y \u0111\u1eb7t b\u00e0n ti\u1ebft ki\u1ec7m kh\u00f4ng gian - Genesis Tube Sealer Rapid Seal SE540 | Biogroup Vietnam\" \/>\n<meta property=\"og:description\" content=\"SE540 h\u00e0n \u1ed1ng d\u00e2y nhanh 0,5\u20131,2 s, kh\u00f4ng c\u1ea7n l\u00e0m n\u00f3ng, Notched Seal\u2122 d\u1ec5 t\u00e1ch, RF th\u00f4ng minh, tay h\u00e0n c\u1ea7m tay + \u0111\u1ea7u c\u1ed1 \u0111\u1ecbnh, c\u00f3 th\u1ec3 gh\u00e9p multi-head. Li\u00ean h\u1ec7 Biogroup \u0111\u1ec3 demo &amp; b\u00e1o gi\u00e1.\" \/>\n<meta property=\"og:url\" content=\"https:\/\/biogroupvietnam.com\/vi\/san-pham\/may-han-day-dat-ban-tiet-kiem-khong-gian-genesis-tube-sealer-rapid-seal-se540\/\" \/>\n<meta property=\"og:site_name\" content=\"Biogroup Vietnam\" \/>\n<meta property=\"article:modified_time\" content=\"2025-11-17T02:06:40+00:00\" \/>\n<meta property=\"og:image\" content=\"https:\/\/biogroupvietnam.com\/wp-content\/uploads\/2025\/09\/Tube-Sealer-Rapid-Seal-SE540.jpg\" \/>\n\t<meta property=\"og:image:width\" content=\"1640\" \/>\n\t<meta property=\"og:image:height\" content=\"1260\" \/>\n\t<meta property=\"og:image:type\" content=\"image\/jpeg\" \/>\n<meta name=\"twitter:card\" content=\"summary_large_image\" \/>\n<meta name=\"twitter:label1\" content=\"\u01af\u1edbc t\u00ednh th\u1eddi gian \u0111\u1ecdc\" \/>\n\t<meta name=\"twitter:data1\" content=\"4 ph\u00fat\" \/>\n<script type=\"application\/ld+json\" class=\"yoast-schema-graph\">{\"@context\":\"https:\/\/schema.org\",\"@graph\":[{\"@type\":\"WebPage\",\"@id\":\"https:\/\/biogroupvietnam.com\/vi\/san-pham\/may-han-day-dat-ban-tiet-kiem-khong-gian-genesis-tube-sealer-rapid-seal-se540\/\",\"url\":\"https:\/\/biogroupvietnam.com\/vi\/san-pham\/may-han-day-dat-ban-tiet-kiem-khong-gian-genesis-tube-sealer-rapid-seal-se540\/\",\"name\":\"M\u00e1y h\u00e0n d\u00e2y \u0111\u1eb7t b\u00e0n ti\u1ebft ki\u1ec7m kh\u00f4ng gian - Genesis Tube Sealer Rapid Seal SE540 | Biogroup Vietnam\",\"isPartOf\":{\"@id\":\"https:\/\/biogroupvietnam.com\/vi\/#website\"},\"primaryImageOfPage\":{\"@id\":\"https:\/\/biogroupvietnam.com\/vi\/san-pham\/may-han-day-dat-ban-tiet-kiem-khong-gian-genesis-tube-sealer-rapid-seal-se540\/#primaryimage\"},\"image\":{\"@id\":\"https:\/\/biogroupvietnam.com\/vi\/san-pham\/may-han-day-dat-ban-tiet-kiem-khong-gian-genesis-tube-sealer-rapid-seal-se540\/#primaryimage\"},\"thumbnailUrl\":\"https:\/\/biogroupvietnam.com\/wp-content\/uploads\/2025\/09\/Tube-Sealer-Rapid-Seal-SE540.jpg\",\"datePublished\":\"2025-09-30T02:30:33+00:00\",\"dateModified\":\"2025-11-17T02:06:40+00:00\",\"description\":\"SE540 h\u00e0n \u1ed1ng d\u00e2y nhanh 0,5\u20131,2 s, kh\u00f4ng c\u1ea7n l\u00e0m n\u00f3ng, Notched Seal\u2122 d\u1ec5 t\u00e1ch, RF th\u00f4ng minh, tay h\u00e0n c\u1ea7m tay + \u0111\u1ea7u c\u1ed1 \u0111\u1ecbnh, c\u00f3 th\u1ec3 gh\u00e9p multi-head. Li\u00ean h\u1ec7 Biogroup \u0111\u1ec3 demo & b\u00e1o gi\u00e1.\",\"breadcrumb\":{\"@id\":\"https:\/\/biogroupvietnam.com\/vi\/san-pham\/may-han-day-dat-ban-tiet-kiem-khong-gian-genesis-tube-sealer-rapid-seal-se540\/#breadcrumb\"},\"inLanguage\":\"vi\",\"potentialAction\":[{\"@type\":\"ReadAction\",\"target\":[\"https:\/\/biogroupvietnam.com\/vi\/san-pham\/may-han-day-dat-ban-tiet-kiem-khong-gian-genesis-tube-sealer-rapid-seal-se540\/\"]}]},{\"@type\":\"ImageObject\",\"inLanguage\":\"vi\",\"@id\":\"https:\/\/biogroupvietnam.com\/vi\/san-pham\/may-han-day-dat-ban-tiet-kiem-khong-gian-genesis-tube-sealer-rapid-seal-se540\/#primaryimage\",\"url\":\"https:\/\/biogroupvietnam.com\/wp-content\/uploads\/2025\/09\/Tube-Sealer-Rapid-Seal-SE540.jpg\",\"contentUrl\":\"https:\/\/biogroupvietnam.com\/wp-content\/uploads\/2025\/09\/Tube-Sealer-Rapid-Seal-SE540.jpg\",\"width\":1640,\"height\":1260},{\"@type\":\"BreadcrumbList\",\"@id\":\"https:\/\/biogroupvietnam.com\/vi\/san-pham\/may-han-day-dat-ban-tiet-kiem-khong-gian-genesis-tube-sealer-rapid-seal-se540\/#breadcrumb\",\"itemListElement\":[{\"@type\":\"ListItem\",\"position\":1,\"name\":\"Trang ch\u1ee7\",\"item\":\"https:\/\/biogroupvietnam.com\/vi\/\"},{\"@type\":\"ListItem\",\"position\":2,\"name\":\"S\u1ea3n ph\u1ea9m\",\"item\":\"https:\/\/biogroupvietnam.com\/vi\/san-pham\/\"},{\"@type\":\"ListItem\",\"position\":3,\"name\":\"X\u1eed L\u00fd T\u1ebf B\u00e0o\",\"item\":\"https:\/\/biogroupvietnam.com\/vi\/danh-muc-san-pham\/xu-ly-te-bao\/\"},{\"@type\":\"ListItem\",\"position\":4,\"name\":\"M\u00e1y h\u00e0n d\u00e2y\",\"item\":\"https:\/\/biogroupvietnam.com\/vi\/danh-muc-san-pham\/may-han-day\/\"},{\"@type\":\"ListItem\",\"position\":5,\"name\":\"M\u00e1y h\u00e0n d\u00e2y \u0111\u1eb7t b\u00e0n ti\u1ebft ki\u1ec7m kh\u00f4ng gian &#8211; Genesis Tube Sealer Rapid Seal SE540\"}]},{\"@type\":\"WebSite\",\"@id\":\"https:\/\/biogroupvietnam.com\/vi\/#website\",\"url\":\"https:\/\/biogroupvietnam.com\/vi\/\",\"name\":\"Biogroup Vietnam\",\"description\":\"Biogroup Vietnam cung c\u1ea5p d\u1ecbch v\u1ee5 k\u1ef9 thu\u1eadt c\u00f9ng thi\u1ebft b\u1ecb, v\u1eadt t\u01b0, h\u00f3a ch\u1ea5t v\u00e0 gi\u1ea3i ph\u00e1p sinh h\u1ecdc cho ph\u00f2ng th\u00ed nghi\u1ec7m c\u00f4ng ngh\u1ec7 sinh h\u1ecdc, y sinh v\u00e0 y h\u1ecdc t\u00e1i t\u1ea1o.\",\"potentialAction\":[{\"@type\":\"SearchAction\",\"target\":{\"@type\":\"EntryPoint\",\"urlTemplate\":\"https:\/\/biogroupvietnam.com\/vi\/?s={search_term_string}\"},\"query-input\":{\"@type\":\"PropertyValueSpecification\",\"valueRequired\":true,\"valueName\":\"search_term_string\"}}],\"inLanguage\":\"vi\"}]}<\/script>\n<!-- \/ Yoast SEO plugin. -->","yoast_head_json":{"title":"M\u00e1y h\u00e0n d\u00e2y \u0111\u1eb7t b\u00e0n ti\u1ebft ki\u1ec7m kh\u00f4ng gian - Genesis Tube Sealer Rapid Seal SE540 | Biogroup Vietnam","description":"SE540 h\u00e0n \u1ed1ng d\u00e2y nhanh 0,5\u20131,2 s, kh\u00f4ng c\u1ea7n l\u00e0m n\u00f3ng, Notched Seal\u2122 d\u1ec5 t\u00e1ch, RF th\u00f4ng minh, tay h\u00e0n c\u1ea7m tay + \u0111\u1ea7u c\u1ed1 \u0111\u1ecbnh, c\u00f3 th\u1ec3 gh\u00e9p multi-head. Li\u00ean h\u1ec7 Biogroup \u0111\u1ec3 demo & b\u00e1o gi\u00e1.","robots":{"index":"index","follow":"follow","max-snippet":"max-snippet:-1","max-image-preview":"max-image-preview:large","max-video-preview":"max-video-preview:-1"},"canonical":"https:\/\/biogroupvietnam.com\/vi\/san-pham\/may-han-day-dat-ban-tiet-kiem-khong-gian-genesis-tube-sealer-rapid-seal-se540\/","og_locale":"vi_VN","og_type":"article","og_title":"M\u00e1y h\u00e0n d\u00e2y \u0111\u1eb7t b\u00e0n ti\u1ebft ki\u1ec7m kh\u00f4ng gian - Genesis Tube Sealer Rapid Seal SE540 | Biogroup Vietnam","og_description":"SE540 h\u00e0n \u1ed1ng d\u00e2y nhanh 0,5\u20131,2 s, kh\u00f4ng c\u1ea7n l\u00e0m n\u00f3ng, Notched Seal\u2122 d\u1ec5 t\u00e1ch, RF th\u00f4ng minh, tay h\u00e0n c\u1ea7m tay + \u0111\u1ea7u c\u1ed1 \u0111\u1ecbnh, c\u00f3 th\u1ec3 gh\u00e9p multi-head. Li\u00ean h\u1ec7 Biogroup \u0111\u1ec3 demo & b\u00e1o gi\u00e1.","og_url":"https:\/\/biogroupvietnam.com\/vi\/san-pham\/may-han-day-dat-ban-tiet-kiem-khong-gian-genesis-tube-sealer-rapid-seal-se540\/","og_site_name":"Biogroup Vietnam","article_modified_time":"2025-11-17T02:06:40+00:00","og_image":[{"width":1640,"height":1260,"url":"https:\/\/biogroupvietnam.com\/wp-content\/uploads\/2025\/09\/Tube-Sealer-Rapid-Seal-SE540.jpg","type":"image\/jpeg"}],"twitter_card":"summary_large_image","twitter_misc":{"\u01af\u1edbc t\u00ednh th\u1eddi gian \u0111\u1ecdc":"4 ph\u00fat"},"schema":{"@context":"https:\/\/schema.org","@graph":[{"@type":"WebPage","@id":"https:\/\/biogroupvietnam.com\/vi\/san-pham\/may-han-day-dat-ban-tiet-kiem-khong-gian-genesis-tube-sealer-rapid-seal-se540\/","url":"https:\/\/biogroupvietnam.com\/vi\/san-pham\/may-han-day-dat-ban-tiet-kiem-khong-gian-genesis-tube-sealer-rapid-seal-se540\/","name":"M\u00e1y h\u00e0n d\u00e2y \u0111\u1eb7t b\u00e0n ti\u1ebft ki\u1ec7m kh\u00f4ng gian - Genesis Tube Sealer Rapid Seal SE540 | Biogroup Vietnam","isPartOf":{"@id":"https:\/\/biogroupvietnam.com\/vi\/#website"},"primaryImageOfPage":{"@id":"https:\/\/biogroupvietnam.com\/vi\/san-pham\/may-han-day-dat-ban-tiet-kiem-khong-gian-genesis-tube-sealer-rapid-seal-se540\/#primaryimage"},"image":{"@id":"https:\/\/biogroupvietnam.com\/vi\/san-pham\/may-han-day-dat-ban-tiet-kiem-khong-gian-genesis-tube-sealer-rapid-seal-se540\/#primaryimage"},"thumbnailUrl":"https:\/\/biogroupvietnam.com\/wp-content\/uploads\/2025\/09\/Tube-Sealer-Rapid-Seal-SE540.jpg","datePublished":"2025-09-30T02:30:33+00:00","dateModified":"2025-11-17T02:06:40+00:00","description":"SE540 h\u00e0n \u1ed1ng d\u00e2y nhanh 0,5\u20131,2 s, kh\u00f4ng c\u1ea7n l\u00e0m n\u00f3ng, Notched Seal\u2122 d\u1ec5 t\u00e1ch, RF th\u00f4ng minh, tay h\u00e0n c\u1ea7m tay + \u0111\u1ea7u c\u1ed1 \u0111\u1ecbnh, c\u00f3 th\u1ec3 gh\u00e9p multi-head. Li\u00ean h\u1ec7 Biogroup \u0111\u1ec3 demo & b\u00e1o gi\u00e1.","breadcrumb":{"@id":"https:\/\/biogroupvietnam.com\/vi\/san-pham\/may-han-day-dat-ban-tiet-kiem-khong-gian-genesis-tube-sealer-rapid-seal-se540\/#breadcrumb"},"inLanguage":"vi","potentialAction":[{"@type":"ReadAction","target":["https:\/\/biogroupvietnam.com\/vi\/san-pham\/may-han-day-dat-ban-tiet-kiem-khong-gian-genesis-tube-sealer-rapid-seal-se540\/"]}]},{"@type":"ImageObject","inLanguage":"vi","@id":"https:\/\/biogroupvietnam.com\/vi\/san-pham\/may-han-day-dat-ban-tiet-kiem-khong-gian-genesis-tube-sealer-rapid-seal-se540\/#primaryimage","url":"https:\/\/biogroupvietnam.com\/wp-content\/uploads\/2025\/09\/Tube-Sealer-Rapid-Seal-SE540.jpg","contentUrl":"https:\/\/biogroupvietnam.com\/wp-content\/uploads\/2025\/09\/Tube-Sealer-Rapid-Seal-SE540.jpg","width":1640,"height":1260},{"@type":"BreadcrumbList","@id":"https:\/\/biogroupvietnam.com\/vi\/san-pham\/may-han-day-dat-ban-tiet-kiem-khong-gian-genesis-tube-sealer-rapid-seal-se540\/#breadcrumb","itemListElement":[{"@type":"ListItem","position":1,"name":"Trang ch\u1ee7","item":"https:\/\/biogroupvietnam.com\/vi\/"},{"@type":"ListItem","position":2,"name":"S\u1ea3n ph\u1ea9m","item":"https:\/\/biogroupvietnam.com\/vi\/san-pham\/"},{"@type":"ListItem","position":3,"name":"X\u1eed L\u00fd T\u1ebf B\u00e0o","item":"https:\/\/biogroupvietnam.com\/vi\/danh-muc-san-pham\/xu-ly-te-bao\/"},{"@type":"ListItem","position":4,"name":"M\u00e1y h\u00e0n d\u00e2y","item":"https:\/\/biogroupvietnam.com\/vi\/danh-muc-san-pham\/may-han-day\/"},{"@type":"ListItem","position":5,"name":"M\u00e1y h\u00e0n d\u00e2y \u0111\u1eb7t b\u00e0n ti\u1ebft ki\u1ec7m kh\u00f4ng gian &#8211; Genesis Tube Sealer Rapid Seal SE540"}]},{"@type":"WebSite","@id":"https:\/\/biogroupvietnam.com\/vi\/#website","url":"https:\/\/biogroupvietnam.com\/vi\/","name":"Biogroup Vietnam","description":"Biogroup Vietnam cung c\u1ea5p d\u1ecbch v\u1ee5 k\u1ef9 thu\u1eadt c\u00f9ng thi\u1ebft b\u1ecb, v\u1eadt t\u01b0, h\u00f3a ch\u1ea5t v\u00e0 gi\u1ea3i ph\u00e1p sinh h\u1ecdc cho ph\u00f2ng th\u00ed nghi\u1ec7m c\u00f4ng ngh\u1ec7 sinh h\u1ecdc, y sinh v\u00e0 y h\u1ecdc t\u00e1i t\u1ea1o.","potentialAction":[{"@type":"SearchAction","target":{"@type":"EntryPoint","urlTemplate":"https:\/\/biogroupvietnam.com\/vi\/?s={search_term_string}"},"query-input":{"@type":"PropertyValueSpecification","valueRequired":true,"valueName":"search_term_string"}}],"inLanguage":"vi"}]}},"_links":{"self":[{"href":"https:\/\/biogroupvietnam.com\/vi\/wp-json\/wp\/v2\/product\/8370","targetHints":{"allow":["GET"]}}],"collection":[{"href":"https:\/\/biogroupvietnam.com\/vi\/wp-json\/wp\/v2\/product"}],"about":[{"href":"https:\/\/biogroupvietnam.com\/vi\/wp-json\/wp\/v2\/types\/product"}],"replies":[{"embeddable":true,"href":"https:\/\/biogroupvietnam.com\/vi\/wp-json\/wp\/v2\/comments?post=8370"}],"version-history":[{"count":5,"href":"https:\/\/biogroupvietnam.com\/vi\/wp-json\/wp\/v2\/product\/8370\/revisions"}],"predecessor-version":[{"id":8774,"href":"https:\/\/biogroupvietnam.com\/vi\/wp-json\/wp\/v2\/product\/8370\/revisions\/8774"}],"wp:featuredmedia":[{"embeddable":true,"href":"https:\/\/biogroupvietnam.com\/vi\/wp-json\/wp\/v2\/media\/8946"}],"wp:attachment":[{"href":"https:\/\/biogroupvietnam.com\/vi\/wp-json\/wp\/v2\/media?parent=8370"}],"wp:term":[{"taxonomy":"product_brand","embeddable":true,"href":"https:\/\/biogroupvietnam.com\/vi\/wp-json\/wp\/v2\/product_brand?post=8370"},{"taxonomy":"product_cat","embeddable":true,"href":"https:\/\/biogroupvietnam.com\/vi\/wp-json\/wp\/v2\/product_cat?post=8370"},{"taxonomy":"product_tag","embeddable":true,"href":"https:\/\/biogroupvietnam.com\/vi\/wp-json\/wp\/v2\/product_tag?post=8370"}],"curies":[{"name":"wp","href":"https:\/\/api.w.org\/{rel}","templated":true}]}}