{"id":9240,"date":"2025-12-05T17:40:47","date_gmt":"2025-12-05T10:40:47","guid":{"rendered":"https:\/\/biogroupvietnam.com\/san-pham\/\/"},"modified":"2025-12-22T10:19:09","modified_gmt":"2025-12-22T03:19:09","slug":"bactfinder-giai-phap-phat-hien-gene-vi-khuan-nhanh-chong-chinh-xac-danh-cho-phong-lab-sinh-hoc-cgt","status":"publish","type":"product","link":"https:\/\/biogroupvietnam.com\/vi\/san-pham\/bactfinder-giai-phap-phat-hien-gene-vi-khuan-nhanh-chong-chinh-xac-danh-cho-phong-lab-sinh-hoc-cgt\/","title":{"rendered":"BactFinder\u2122 &#8211; Gi\u1ea3i ph\u00e1p ph\u00e1t hi\u1ec7n gene vi khu\u1ea9n nhanh ch\u00f3ng, ch\u00ednh x\u00e1c d\u00e0nh cho ph\u00f2ng lab sinh h\u1ecdc &#038; CGT"},"content":{"rendered":"<p>BactFinder\u2122 l\u00e0 b\u1ed9 kit ph\u00e1t hi\u1ec7n gene vi khu\u1ea9n \u1ee9ng d\u1ee5ng c\u00f4ng ngh\u1ec7 khu\u1ebfch \u0111\u1ea1i acid nucleic (NAT), gi\u00fap ki\u1ec3m tra \u0111\u1ed9 v\u00f4 khu\u1ea9n (sterility test) m\u1ed9t c\u00e1ch nhanh ch\u00f3ng, \u0111\u01a1n gi\u1ea3n v\u00e0 c\u00f3 \u0111\u1ed9 nh\u1ea1y cao. \u0110\u00e2y l\u00e0 l\u1ef1a ch\u1ecdn l\u00fd t\u01b0\u1edfng cho c\u00e1c ph\u00f2ng th\u00ed nghi\u1ec7m nu\u00f4i c\u1ea5y t\u1ebf b\u00e0o, lab QC trong <strong>Cell &amp; Gene Therapy<\/strong>, c\u01a1 s\u1edf y t\u1ebf, vi\u1ec7n nghi\u00ean c\u1ee9u v\u00e0 c\u00e1c nh\u00e0 s\u1ea3n xu\u1ea5t d\u01b0\u1ee3c ph\u1ea9m sinh h\u1ecdc.<\/p>\n<h3><strong>\u00a0 \u00a0 \u00a0 1. BactFinder\u2122 l\u00e0 g\u00ec?<\/strong><\/h3>\n<p>BactFinder\u2122 l\u00e0 PCR Reagent d\u00e0nh cho ph\u00e1t hi\u1ec7n vi khu\u1ea9n, s\u1eed d\u1ee5ng \u0111\u01b0\u1ee3c v\u1edbi m\u1eabu d\u1ecbch treo t\u1ebf b\u00e0o ho\u1eb7c d\u1ecbch nu\u00f4i c\u1ea5y. B\u1ed9 kit tu\u00e2n th\u1ee7 theo h\u01b0\u1edbng d\u1eabn c\u1ee7a d\u01b0\u1ee3c \u0111i\u1ec3n ch\u00e2u \u00c2u, M\u1ef9 v\u00e0 Nh\u1eadt, ph\u00f9 h\u1ee3p cho ki\u1ec3m tra vi sinh nhanh trong s\u1ea3n xu\u1ea5t sinh ph\u1ea9m, t\u1ebf b\u00e0o g\u1ed1c, exosome v\u00e0 d\u01b0\u1ee3c ph\u1ea9m sinh h\u1ecdc.<\/p>\n<p>BactFinder\u2122 l\u00e0 m\u1ed9t ph\u1ea7n c\u1ee7a d\u00f2ng s\u1ea3n ph\u1ea9m Finder Series, g\u1ed3m MycoFinder\u2122, FungiFinder\u2122 v\u00e0 VirFinder\u2122, ph\u1ee5c v\u1ee5 to\u00e0n di\u1ec7n nhu c\u1ea7u \u0111\u1ea3m b\u1ea3o an to\u00e0n sinh h\u1ecdc (biosafety testing).<\/p>\n<h3><strong>\u00a0 \u00a0 \u00a0 2. \u0110\u1eb7c \u0111i\u1ec3m n\u1ed5i b\u1eadt c\u1ee7a BactFinder\u2122<\/strong><\/h3>\n<p><strong>\u0110\u1ed9 nh\u1ea1y cao \u2013 ph\u00e1t hi\u1ec7n t\u1eeb &lt;10 CFU\/sample (ph\u01b0\u01a1ng ph\u00e1p high sensitivity)<\/strong><\/p>\n<p>Theo t\u00e0i li\u1ec7u trang 5, ph\u01b0\u01a1ng ph\u00e1p high-sensitivity c\u00f3 LOD th\u1ea5p h\u01a1n 10 CFU\/m\u1eabu, t\u01b0\u01a1ng \u0111\u01b0\u01a1ng c\u00e1c chu\u1ea9n ki\u1ec3m nghi\u1ec7m vi sinh hi\u1ec7n \u0111\u1ea1i.<\/p>\n<p><strong>Hai quy tr\u00ecnh test t\u00f9y bi\u1ebfn cho t\u1eebng nhu c\u1ea7u<\/strong><\/p>\n<p><strong>Rapid test method (4 gi\u1edd):<\/strong><br \/>\n\u2013 LOD: 100 CFU\/sample<br \/>\n\u2013 D\u00f9ng cho ki\u1ec3m tra nhanh trong ng\u00e0y<\/p>\n<p><strong>High sensitivity test method (48 gi\u1edd):<\/strong><br \/>\n\u2013 LOD: &lt;10 CFU\/sample<br \/>\n\u2013 T\u1ed1i \u01b0u cho m\u1eabu kh\u00f3 ho\u1eb7c y\u00eau c\u1ea7u \u0111\u1ed9 nh\u1ea1y cao h\u01a1n<\/p>\n<p><strong>Kh\u00f4ng b\u1ecb \u1ee9c ch\u1ebf b\u1edfi DNA ng\u01b0\u1eddi<\/strong><\/p>\n<p>Reagent \u0111\u01b0\u1ee3c thi\u1ebft k\u1ebf \u0111\u1eb7c hi\u1ec7u, gi\u1ea3m \u0111\u00e1ng k\u1ec3 nhi\u1ec5u n\u1ec1n t\u1eeb m\u1eabu ng\u01b0\u1eddi ho\u1eb7c m\u1eabu m\u00f4i tr\u01b0\u1eddng.<\/p>\n<p><strong>Ph\u1ee7 r\u1ed9ng nhi\u1ec1u lo\u00e0i vi khu\u1ea9n quan tr\u1ecdng<\/strong><\/p>\n<p>BactFinder\u2122 ph\u00e1t hi\u1ec7n ch\u00ednh x\u00e1c c\u00e1c ch\u1ee7ng th\u01b0\u1eddng g\u1eb7p trong ki\u1ec3m nghi\u1ec7m v\u00f4 khu\u1ea9n nh\u01b0:<\/p>\n<ul>\n<li><em>Bacillus subtilis<\/em>,<\/li>\n<li><em>Clostridium sporogenes<\/em>,<\/li>\n<li><em>Pseudomonas aeruginosa<\/em>,<\/li>\n<li><em>Staphylococcus aureus<\/em>,<\/li>\n<li><em>Candida, Aspergillus<\/em> (d\u00f9ng chung v\u1edbi FungiFinder\u2122).<\/li>\n<\/ul>\n<p><strong>Quy tr\u00ecnh \u0111\u01a1n gi\u1ea3n \u2013 gi\u1ea3m r\u1ee7i ro nhi\u1ec5m ch\u00e9o<\/strong><\/p>\n<p>G\u1ed3m c\u00e1c b\u01b0\u1edbc: t\u00e1ch si\u00eau d\u1ecbch, x\u1eed l\u00fd enzyme, bead beating, t\u00e1ch chi\u1ebft DNA v\u00e0 Real-time PCR. Th\u1eddi gian th\u1ef1c hi\u1ec7n kho\u1ea3ng 4 gi\u1edd.<\/p>\n<p><strong>B\u1ea3o qu\u1ea3n d\u1ec5 d\u00e0ng<\/strong><\/p>\n<p>\u2013 Nhi\u1ec7t \u0111\u1ed9 l\u01b0u tr\u1eef: -30 \u0111\u1ebfn -15\u00b0C<br \/>\n\u2013 \u1ed4n \u0111\u1ecbnh v\u00e0 b\u1ec1n v\u1eefng trong v\u1eadn h\u00e0nh lab.<\/p>\n<h3><strong>\u00a0 \u00a0 \u00a0 3. Quy tr\u00ecnh ho\u1ea1t \u0111\u1ed9ng c\u1ee7a BactFinder\u2122<\/strong><\/h3>\n<p><strong>Quy tr\u00ecnh Rapid Test (~4 gi\u1edd)<\/strong><\/p>\n<ol>\n<li><strong>Chu\u1ea9n b\u1ecb m\u1eabu:<\/strong> ly t\u00e2m \u2013 t\u00e1ch si\u00eau d\u1ecbch<\/li>\n<li><strong>X\u1eed l\u00fd enzyme:<\/strong> ph\u00e1 v\u1ee1 nucleic acid kh\u00f4ng mong mu\u1ed1n<\/li>\n<li><strong>Bead beating:<\/strong> ph\u00e1 v\u1ee1 t\u1ebf b\u00e0o<\/li>\n<li><strong>T\u00e1ch chi\u1ebft DNA b\u1eb1ng kit th\u01b0\u01a1ng m\u1ea1i<\/strong><\/li>\n<li><strong>PCR real-time<\/strong><br \/>\n\u2192 Cho k\u1ebft qu\u1ea3 nhanh, ph\u00f9 h\u1ee3p v\u1edbi c\u00e1c lab c\u1ea7n screening c\u00f9ng ng\u00e0y.<\/li>\n<\/ol>\n<p><strong>Quy tr\u00ecnh High Sensitivity Test (24\u201348 gi\u1edd)<\/strong><\/p>\n<ol>\n<li><strong>Ti\u1ec1n nu\u00f4i c\u1ea5y (preculture) \u2013 aerobic &amp; anaerobic<\/strong><\/li>\n<li><strong>T\u00e1ch chi\u1ebft DNA<\/strong><\/li>\n<li><strong>PCR real-time<\/strong><\/li>\n<li><strong>\u0110\u00e1nh gi\u00e1 k\u1ebft qu\u1ea3 d\u1ef1a tr\u00ean \u0394Cq = Cq(culture) \u2013 Cq(uncultured)<\/strong><br \/>\n\u2192 Gi\u00fap t\u0103ng \u0111\u1ed9 nh\u1ea1y v\u00e0 ph\u00e1t hi\u1ec7n c\u1ea3 l\u01b0\u1ee3ng vi khu\u1ea9n r\u1ea5t th\u1ea5p.<\/li>\n<\/ol>\n<h3><strong>\u00a0 \u00a0 \u00a0 4. \u1ee8ng d\u1ee5ng c\u1ee7a BactFinder\u2122 t\u1ea1i c\u00e1c ph\u00f2ng lab<\/strong><\/h3>\n<p><strong>Ki\u1ec3m tra v\u00f4 khu\u1ea9n (Sterility Test) trong s\u1ea3n xu\u1ea5t t\u1ebf b\u00e0o &amp; li\u1ec7u ph\u00e1p gen<\/strong><\/p>\n<p>\u2013 Ki\u1ec3m tra vi khu\u1ea9n trong d\u1ecbch nu\u00f4i c\u1ea5y<br \/>\n\u2013 QC s\u1ea3n ph\u1ea9m MSC, HSC, T-cell, iPSC, exosome<\/p>\n<p><strong>QC trong d\u01b0\u1ee3c ph\u1ea9m sinh h\u1ecdc &amp; vaccine<\/strong><\/p>\n<p>\u2013 Ki\u1ec3m tra nhi\u1ec5m vi khu\u1ea9n trong s\u1ea3n ph\u1ea9m sinh h\u1ecdc<br \/>\n\u2013 Ki\u1ec3m nghi\u1ec7m nhanh trong R&amp;D &amp; GMP QC batch release<\/p>\n<p><strong>Ki\u1ec3m tra an to\u00e0n trong IVF, lab nu\u00f4i c\u1ea5y m\u00f4<\/strong><\/p>\n<p><strong>Ki\u1ec3m nghi\u1ec7m m\u00f4i tr\u01b0\u1eddng ph\u00f2ng s\u1ea1ch (cleanroom monitoring)<\/strong><\/p>\n<h3><strong>\u00a0 \u00a0 \u00a0 \u00a05. T\u00ednh n\u0103ng k\u1ef9 thu\u1eadt<\/strong><\/h3>\n<table>\n<thead>\n<tr>\n<td><strong>Th\u00f4ng s\u1ed1<\/strong><\/td>\n<td><strong>Gi\u00e1 tr\u1ecb<\/strong><\/td>\n<\/tr>\n<\/thead>\n<tbody>\n<tr>\n<td>T\u00ean s\u1ea3n ph\u1ea9m<\/td>\n<td>BactFinder\u2122<\/td>\n<\/tr>\n<tr>\n<td>Lo\u1ea1i m\u1eabu<\/td>\n<td>D\u1ecbch treo t\u1ebf b\u00e0o, d\u1ecbch nu\u00f4i c\u1ea5y<\/td>\n<\/tr>\n<tr>\n<td>LOD \u2013 Rapid test<\/td>\n<td>100 CFU\/sample<\/td>\n<\/tr>\n<tr>\n<td>LOD \u2013 High sensitivity<\/td>\n<td>&lt;10 CFU\/sample<\/td>\n<\/tr>\n<tr>\n<td>S\u1ed1 ph\u1ea3n \u1ee9ng\/kit<\/td>\n<td>50 tests<\/td>\n<\/tr>\n<tr>\n<td>Th\u1eddi gian ph\u00e1t hi\u1ec7n<\/td>\n<td>~4 gi\u1edd<\/td>\n<\/tr>\n<tr>\n<td>\u0110\u1eb7c hi\u1ec7u<\/td>\n<td>Kh\u00f4ng ph\u1ea3n \u1ee9ng ch\u00e9o v\u1edbi b\u1ed9 gene ng\u01b0\u1eddi<\/td>\n<\/tr>\n<tr>\n<td>L\u01b0u tr\u1eef<\/td>\n<td>-30 \u0111\u1ebfn -15\u00b0C<\/td>\n<\/tr>\n<\/tbody>\n<\/table>\n<h3><strong>\u00a0 \u00a0 \u00a0 6. L\u1ee3i \u00edch khi s\u1eed d\u1ee5ng BactFinder\u2122<\/strong><\/h3>\n<p><strong>Ph\u00e1t hi\u1ec7n nhanh &#8211; r\u00fat ng\u1eafn th\u1eddi gian ki\u1ec3m nghi\u1ec7m t\u1eeb 14 ng\u00e0y xu\u1ed1ng c\u00f2n 4-48 gi\u1edd<\/strong><\/p>\n<p>\u0110\u00e1p \u1ee9ng nhu c\u1ea7u ra k\u1ebft qu\u1ea3 nhanh trong s\u1ea3n xu\u1ea5t CGT.<\/p>\n<p><strong>R\u00fat ng\u1eafn th\u1eddi gian batch-release<\/strong><\/p>\n<p>Gi\u1ea3m t\u1ed3n kho, gi\u1ea3m chi ph\u00ed s\u1ea3n xu\u1ea5t, t\u0103ng t\u1ed1c \u0111\u1ed9 th\u01b0\u01a1ng m\u1ea1i h\u00f3a.<\/p>\n<p><strong>\u0110\u1ed9 ch\u00ednh x\u00e1c cao &#8211; ph\u00f9 h\u1ee3p ki\u1ec3m nghi\u1ec7m l\u00e2m s\u00e0ng &amp; GMP<\/strong><\/p>\n<p>BactFinder\u2122 \u0111\u01b0\u1ee3c thi\u1ebft k\u1ebf theo chu\u1ea9n NAT v\u00e0 s\u1eed d\u1ee5ng tr\u00ean Real-time PCR ph\u1ed5 bi\u1ebfn trong c\u00e1c lab.<\/p>\n<p><strong>Linh ho\u1ea1t v\u1edbi nhi\u1ec1u lo\u1ea1i m\u1eabu &#8211; kh\u00f4ng b\u1ecb \u1ee9c ch\u1ebf<\/strong><\/p>\n<p>T\u1ed1i \u01b0u cho c\u00e1c m\u1eabu sinh h\u1ecdc ph\u1ee9c t\u1ea1p (m\u00f4i tr\u01b0\u1eddng nu\u00f4i, n\u1ec1n t\u1ebf b\u00e0o, d\u1ecbch \u0111\u1eadm \u0111\u1eb7c).<\/p>\n<p><strong>H\u1ed7 tr\u1ee3 k\u1ef9 thu\u1eadt \u0111\u1ea7y \u0111\u1ee7 t\u1eeb Biogroup Vietnam<\/strong><\/p>\n<p>Biogroup cung c\u1ea5p:<br \/>\n\u2013 H\u01b0\u1edbng d\u1eabn thi\u1ebft l\u1eadp SOP<br \/>\n\u2013 \u0110\u00e0o t\u1ea1o k\u1ef9 thu\u1eadt NAT\/PCR<br \/>\n\u2013 H\u1ed7 tr\u1ee3 validation theo chu\u1ea9n ph\u00f2ng lab CGT<br \/>\n\u2013 K\u00e8m d\u1ecbch v\u1ee5 demo &amp; t\u01b0 v\u1ea5n workflow ho\u00e0n ch\u1ec9nh<\/p>\n<h3><strong>\u00a0 \u00a0 \u00a0 7. T\u1ea1i sao c\u00e1c ph\u00f2ng lab CGT &amp; d\u01b0\u1ee3c ph\u1ea9m n\u00ean ch\u1ecdn BactFinder\u2122?<\/strong><\/h3>\n<ul>\n<li>K\u1ebft qu\u1ea3 nhanh &amp; \u0111\u00e1ng tin c\u1eady<\/li>\n<li>\u0110\u1ed9 nh\u1ea1y cao ph\u00f9 h\u1ee3p y\u00eau c\u1ea7u kh\u1eaft khe c\u1ee7a ng\u00e0nh<\/li>\n<li>D\u1ec5 tri\u1ec3n khai \u2013 kh\u00f4ng y\u00eau c\u1ea7u nhi\u1ec1u k\u1ef9 n\u0103ng PCR<\/li>\n<li>H\u1ed7 tr\u1ee3 \u0111\u1ea7y \u0111\u1ee7 t\u1eeb Biogroup<\/li>\n<li>T\u1ed1i \u01b0u chi ph\u00ed &amp; nh\u00e2n l\u1ef1c so v\u1edbi ph\u01b0\u01a1ng ph\u00e1p nu\u00f4i c\u1ea5y truy\u1ec1n th\u1ed1ng (7\u201314 ng\u00e0y)<\/li>\n<\/ul>\n<h3><strong>\u00a0 \u00a0 \u00a0 8. K\u1ebft lu\u1eadn<\/strong><\/h3>\n<p><strong>BactFinder\u2122<\/strong> l\u00e0 gi\u1ea3i ph\u00e1p t\u1ed1i \u01b0u cho c\u00e1c ph\u00f2ng th\u00ed nghi\u1ec7m \u0111ang c\u1ea7n <strong>ki\u1ec3m tra v\u00f4 khu\u1ea9n nhanh, \u0111\u1ed9 nh\u1ea1y cao v\u00e0 quy tr\u00ecnh \u0111\u01a1n gi\u1ea3n<\/strong>. V\u1edbi kh\u1ea3 n\u0103ng r\u00fat ng\u1eafn th\u1eddi gian ki\u1ec3m nghi\u1ec7m, h\u1ed7 tr\u1ee3 \u0111\u1ea1t chu\u1ea9n GMP v\u00e0 t\u01b0\u01a1ng th\u00edch v\u1edbi workflow Cell &amp; Gene Therapy, BactFinder\u2122 \u0111ang tr\u1edf th\u00e0nh l\u1ef1a ch\u1ecdn h\u00e0ng \u0111\u1ea7u c\u1ee7a c\u00e1c c\u01a1 s\u1edf s\u1ea3n xu\u1ea5t sinh ph\u1ea9m hi\u1ec7n \u0111\u1ea1i.<\/p>\n<p>Biogroup Vietnam h\u00e2n h\u1ea1nh ph\u00e2n ph\u1ed1i ch\u00ednh h\u00e3ng v\u00e0 h\u1ed7 tr\u1ee3 k\u1ef9 thu\u1eadt tr\u1ecdn g\u00f3i cho c\u00e1c d\u00f2ng s\u1ea3n ph\u1ea9m Finder Series.<\/p>\n","protected":false},"excerpt":{"rendered":"<p><strong>BactFinder\u2122<\/strong> l\u00e0 b\u1ed9 kit ph\u00e1t hi\u1ec7n gene vi khu\u1ea9n s\u1eed d\u1ee5ng c\u00f4ng ngh\u1ec7 khu\u1ebfch \u0111\u1ea1i acid nucleic (NAT), cho ph\u00e9p ki\u1ec3m tra v\u00f4 khu\u1ea9n nhanh trong <strong>4 gi\u1edd<\/strong> v\u1edbi \u0111\u1ed9 nh\u1ea1y cao t\u1edbi <strong>&lt;10 CFU\/m\u1eabu<\/strong>. B\u1ed9 kit h\u1ed7 tr\u1ee3 hai quy tr\u00ecnh ki\u1ec3m tra \u2013 Rapid test v\u00e0 High-sensitivity test, gi\u00fap \u0111\u00e1p \u1ee9ng linh ho\u1ea1t nhi\u1ec1u lo\u1ea1i m\u1eabu trong QC sinh ph\u1ea9m, nu\u00f4i c\u1ea5y t\u1ebf b\u00e0o, Cell &amp; Gene Therapy, d\u01b0\u1ee3c ph\u1ea9m v\u00e0 m\u00f4i tr\u01b0\u1eddng ph\u00f2ng s\u1ea1ch.<\/p>\n<p>BactFinder\u2122 n\u1ed5i b\u1eadt nh\u1edd:<\/p>\n<ul>\n<li>\u0110\u1ed9 nh\u1ea1y cao, kh\u00f4ng nhi\u1ec5u t\u1eeb DNA ng\u01b0\u1eddi<\/li>\n<li>Ph\u00e1t hi\u1ec7n ch\u00ednh x\u00e1c nhi\u1ec1u ch\u1ee7ng vi khu\u1ea9n theo chu\u1ea9n d\u01b0\u1ee3c \u0111i\u1ec3n<\/li>\n<li>Quy tr\u00ecnh \u0111\u01a1n gi\u1ea3n, d\u1ec5 tri\u1ec3n khai v\u1edbi real-time PCR<\/li>\n<li>R\u00fat ng\u1eafn m\u1ea1nh th\u1eddi gian ki\u1ec3m nghi\u1ec7m so v\u1edbi nu\u00f4i c\u1ea5y truy\u1ec1n th\u1ed1ng<\/li>\n<\/ul>\n<p>Biogroup Vietnam ph\u00e2n ph\u1ed1i ch\u00ednh h\u00e3ng, k\u00e8m theo \u0111\u00e0o t\u1ea1o &amp; h\u1ed7 tr\u1ee3 k\u1ef9 thu\u1eadt cho c\u00e1c ph\u00f2ng lab nu\u00f4i c\u1ea5y t\u1ebf b\u00e0o, R&amp;D v\u00e0 GMP QC.<\/p>\n","protected":false},"featured_media":9241,"comment_status":"open","ping_status":"closed","template":"","meta":{"_acf_changed":false},"product_brand":[142],"product_cat":[15],"product_tag":[],"class_list":{"0":"post-9240","1":"product","2":"type-product","3":"status-publish","4":"has-post-thumbnail","6":"product_brand-shimadzu-corporation","7":"product_cat-thu-nghiem-vo-trung","9":"first","10":"instock","11":"shipping-taxable","12":"product-type-simple"},"acf":[],"yoast_head":"<!-- This site is optimized with the Yoast SEO plugin v26.8 - https:\/\/yoast.com\/product\/yoast-seo-wordpress\/ -->\n<title>BactFinder\u2122 \u2013 B\u1ed9 Kit Ph\u00e1t Hi\u1ec7n Gene Vi Khu\u1ea9n Nhanh &amp; Ch\u00ednh X\u00e1c<\/title>\n<meta name=\"description\" content=\"BactFinder\u2122 h\u1ed7 tr\u1ee3 ph\u00e1t hi\u1ec7n gene vi khu\u1ea9n nhanh trong 4 gi\u1edd, \u0111\u1ed9 nh\u1ea1y &lt;10 CFU, ph\u00f9 h\u1ee3p ki\u1ec3m tra v\u00f4 khu\u1ea9n trong CGT, nu\u00f4i c\u1ea5y t\u1ebf b\u00e0o &amp; QC sinh h\u1ecdc. Biogroup ph\u00e2n ph\u1ed1i ch\u00ednh h\u00e3ng.\" \/>\n<meta name=\"robots\" content=\"index, follow, max-snippet:-1, max-image-preview:large, max-video-preview:-1\" \/>\n<link rel=\"canonical\" href=\"https:\/\/biogroupvietnam.com\/vi\/san-pham\/bactfinder-giai-phap-phat-hien-gene-vi-khuan-nhanh-chong-chinh-xac-danh-cho-phong-lab-sinh-hoc-cgt\/\" \/>\n<meta property=\"og:locale\" content=\"vi_VN\" \/>\n<meta property=\"og:type\" content=\"article\" \/>\n<meta property=\"og:title\" content=\"BactFinder\u2122 \u2013 B\u1ed9 Kit Ph\u00e1t Hi\u1ec7n Gene Vi Khu\u1ea9n Nhanh &amp; Ch\u00ednh X\u00e1c\" \/>\n<meta property=\"og:description\" content=\"BactFinder\u2122 h\u1ed7 tr\u1ee3 ph\u00e1t hi\u1ec7n gene vi khu\u1ea9n nhanh trong 4 gi\u1edd, \u0111\u1ed9 nh\u1ea1y &lt;10 CFU, ph\u00f9 h\u1ee3p ki\u1ec3m tra v\u00f4 khu\u1ea9n trong CGT, nu\u00f4i c\u1ea5y t\u1ebf b\u00e0o &amp; QC sinh h\u1ecdc. Biogroup ph\u00e2n ph\u1ed1i ch\u00ednh h\u00e3ng.\" \/>\n<meta property=\"og:url\" content=\"https:\/\/biogroupvietnam.com\/vi\/san-pham\/bactfinder-giai-phap-phat-hien-gene-vi-khuan-nhanh-chong-chinh-xac-danh-cho-phong-lab-sinh-hoc-cgt\/\" \/>\n<meta property=\"og:site_name\" content=\"Biogroup Vietnam\" \/>\n<meta property=\"article:modified_time\" content=\"2025-12-22T03:19:09+00:00\" \/>\n<meta property=\"og:image\" content=\"https:\/\/biogroupvietnam.com\/wp-content\/uploads\/2025\/12\/BactFinder.jpg\" \/>\n\t<meta property=\"og:image:width\" content=\"1640\" \/>\n\t<meta property=\"og:image:height\" content=\"1260\" \/>\n\t<meta property=\"og:image:type\" content=\"image\/jpeg\" \/>\n<meta name=\"twitter:card\" content=\"summary_large_image\" \/>\n<meta name=\"twitter:label1\" content=\"\u01af\u1edbc t\u00ednh th\u1eddi gian \u0111\u1ecdc\" \/>\n\t<meta name=\"twitter:data1\" content=\"6 ph\u00fat\" \/>\n<script type=\"application\/ld+json\" class=\"yoast-schema-graph\">{\"@context\":\"https:\/\/schema.org\",\"@graph\":[{\"@type\":\"WebPage\",\"@id\":\"https:\/\/biogroupvietnam.com\/vi\/san-pham\/bactfinder-giai-phap-phat-hien-gene-vi-khuan-nhanh-chong-chinh-xac-danh-cho-phong-lab-sinh-hoc-cgt\/\",\"url\":\"https:\/\/biogroupvietnam.com\/vi\/san-pham\/bactfinder-giai-phap-phat-hien-gene-vi-khuan-nhanh-chong-chinh-xac-danh-cho-phong-lab-sinh-hoc-cgt\/\",\"name\":\"BactFinder\u2122 \u2013 B\u1ed9 Kit Ph\u00e1t Hi\u1ec7n Gene Vi Khu\u1ea9n Nhanh & Ch\u00ednh X\u00e1c\",\"isPartOf\":{\"@id\":\"https:\/\/biogroupvietnam.com\/vi\/#website\"},\"primaryImageOfPage\":{\"@id\":\"https:\/\/biogroupvietnam.com\/vi\/san-pham\/bactfinder-giai-phap-phat-hien-gene-vi-khuan-nhanh-chong-chinh-xac-danh-cho-phong-lab-sinh-hoc-cgt\/#primaryimage\"},\"image\":{\"@id\":\"https:\/\/biogroupvietnam.com\/vi\/san-pham\/bactfinder-giai-phap-phat-hien-gene-vi-khuan-nhanh-chong-chinh-xac-danh-cho-phong-lab-sinh-hoc-cgt\/#primaryimage\"},\"thumbnailUrl\":\"https:\/\/biogroupvietnam.com\/wp-content\/uploads\/2025\/12\/BactFinder.jpg\",\"datePublished\":\"2025-12-05T10:40:47+00:00\",\"dateModified\":\"2025-12-22T03:19:09+00:00\",\"description\":\"BactFinder\u2122 h\u1ed7 tr\u1ee3 ph\u00e1t hi\u1ec7n gene vi khu\u1ea9n nhanh trong 4 gi\u1edd, \u0111\u1ed9 nh\u1ea1y &lt;10 CFU, ph\u00f9 h\u1ee3p ki\u1ec3m tra v\u00f4 khu\u1ea9n trong CGT, nu\u00f4i c\u1ea5y t\u1ebf b\u00e0o &amp; QC sinh h\u1ecdc. Biogroup ph\u00e2n ph\u1ed1i ch\u00ednh h\u00e3ng.\",\"breadcrumb\":{\"@id\":\"https:\/\/biogroupvietnam.com\/vi\/san-pham\/bactfinder-giai-phap-phat-hien-gene-vi-khuan-nhanh-chong-chinh-xac-danh-cho-phong-lab-sinh-hoc-cgt\/#breadcrumb\"},\"inLanguage\":\"vi\",\"potentialAction\":[{\"@type\":\"ReadAction\",\"target\":[\"https:\/\/biogroupvietnam.com\/vi\/san-pham\/bactfinder-giai-phap-phat-hien-gene-vi-khuan-nhanh-chong-chinh-xac-danh-cho-phong-lab-sinh-hoc-cgt\/\"]}]},{\"@type\":\"ImageObject\",\"inLanguage\":\"vi\",\"@id\":\"https:\/\/biogroupvietnam.com\/vi\/san-pham\/bactfinder-giai-phap-phat-hien-gene-vi-khuan-nhanh-chong-chinh-xac-danh-cho-phong-lab-sinh-hoc-cgt\/#primaryimage\",\"url\":\"https:\/\/biogroupvietnam.com\/wp-content\/uploads\/2025\/12\/BactFinder.jpg\",\"contentUrl\":\"https:\/\/biogroupvietnam.com\/wp-content\/uploads\/2025\/12\/BactFinder.jpg\",\"width\":1640,\"height\":1260},{\"@type\":\"BreadcrumbList\",\"@id\":\"https:\/\/biogroupvietnam.com\/vi\/san-pham\/bactfinder-giai-phap-phat-hien-gene-vi-khuan-nhanh-chong-chinh-xac-danh-cho-phong-lab-sinh-hoc-cgt\/#breadcrumb\",\"itemListElement\":[{\"@type\":\"ListItem\",\"position\":1,\"name\":\"Trang ch\u1ee7\",\"item\":\"https:\/\/biogroupvietnam.com\/vi\/\"},{\"@type\":\"ListItem\",\"position\":2,\"name\":\"S\u1ea3n ph\u1ea9m\",\"item\":\"https:\/\/biogroupvietnam.com\/vi\/san-pham\/\"},{\"@type\":\"ListItem\",\"position\":3,\"name\":\"X\u00e9t Nghi\u1ec7m Sinh H\u1ecdc\",\"item\":\"https:\/\/biogroupvietnam.com\/vi\/danh-muc-san-pham\/xet-nghiem-sinh-hoc\/\"},{\"@type\":\"ListItem\",\"position\":4,\"name\":\"Th\u1eed Nghi\u1ec7m V\u00f4 Tr\u00f9ng\",\"item\":\"https:\/\/biogroupvietnam.com\/vi\/danh-muc-san-pham\/thu-nghiem-vo-trung\/\"},{\"@type\":\"ListItem\",\"position\":5,\"name\":\"BactFinder\u2122 &#8211; Gi\u1ea3i ph\u00e1p ph\u00e1t hi\u1ec7n gene vi khu\u1ea9n nhanh ch\u00f3ng, ch\u00ednh x\u00e1c d\u00e0nh cho ph\u00f2ng lab sinh h\u1ecdc &#038; CGT\"}]},{\"@type\":\"WebSite\",\"@id\":\"https:\/\/biogroupvietnam.com\/vi\/#website\",\"url\":\"https:\/\/biogroupvietnam.com\/vi\/\",\"name\":\"Biogroup Vietnam\",\"description\":\"Biogroup Vietnam cung c\u1ea5p d\u1ecbch v\u1ee5 k\u1ef9 thu\u1eadt c\u00f9ng thi\u1ebft b\u1ecb, v\u1eadt t\u01b0, h\u00f3a ch\u1ea5t v\u00e0 gi\u1ea3i ph\u00e1p sinh h\u1ecdc cho ph\u00f2ng th\u00ed nghi\u1ec7m c\u00f4ng ngh\u1ec7 sinh h\u1ecdc, y sinh v\u00e0 y h\u1ecdc t\u00e1i t\u1ea1o.\",\"potentialAction\":[{\"@type\":\"SearchAction\",\"target\":{\"@type\":\"EntryPoint\",\"urlTemplate\":\"https:\/\/biogroupvietnam.com\/vi\/?s={search_term_string}\"},\"query-input\":{\"@type\":\"PropertyValueSpecification\",\"valueRequired\":true,\"valueName\":\"search_term_string\"}}],\"inLanguage\":\"vi\"}]}<\/script>\n<!-- \/ Yoast SEO plugin. -->","yoast_head_json":{"title":"BactFinder\u2122 \u2013 B\u1ed9 Kit Ph\u00e1t Hi\u1ec7n Gene Vi Khu\u1ea9n Nhanh & Ch\u00ednh X\u00e1c","description":"BactFinder\u2122 h\u1ed7 tr\u1ee3 ph\u00e1t hi\u1ec7n gene vi khu\u1ea9n nhanh trong 4 gi\u1edd, \u0111\u1ed9 nh\u1ea1y &lt;10 CFU, ph\u00f9 h\u1ee3p ki\u1ec3m tra v\u00f4 khu\u1ea9n trong CGT, nu\u00f4i c\u1ea5y t\u1ebf b\u00e0o &amp; QC sinh h\u1ecdc. Biogroup ph\u00e2n ph\u1ed1i ch\u00ednh h\u00e3ng.","robots":{"index":"index","follow":"follow","max-snippet":"max-snippet:-1","max-image-preview":"max-image-preview:large","max-video-preview":"max-video-preview:-1"},"canonical":"https:\/\/biogroupvietnam.com\/vi\/san-pham\/bactfinder-giai-phap-phat-hien-gene-vi-khuan-nhanh-chong-chinh-xac-danh-cho-phong-lab-sinh-hoc-cgt\/","og_locale":"vi_VN","og_type":"article","og_title":"BactFinder\u2122 \u2013 B\u1ed9 Kit Ph\u00e1t Hi\u1ec7n Gene Vi Khu\u1ea9n Nhanh & Ch\u00ednh X\u00e1c","og_description":"BactFinder\u2122 h\u1ed7 tr\u1ee3 ph\u00e1t hi\u1ec7n gene vi khu\u1ea9n nhanh trong 4 gi\u1edd, \u0111\u1ed9 nh\u1ea1y &lt;10 CFU, ph\u00f9 h\u1ee3p ki\u1ec3m tra v\u00f4 khu\u1ea9n trong CGT, nu\u00f4i c\u1ea5y t\u1ebf b\u00e0o &amp; QC sinh h\u1ecdc. Biogroup ph\u00e2n ph\u1ed1i ch\u00ednh h\u00e3ng.","og_url":"https:\/\/biogroupvietnam.com\/vi\/san-pham\/bactfinder-giai-phap-phat-hien-gene-vi-khuan-nhanh-chong-chinh-xac-danh-cho-phong-lab-sinh-hoc-cgt\/","og_site_name":"Biogroup Vietnam","article_modified_time":"2025-12-22T03:19:09+00:00","og_image":[{"width":1640,"height":1260,"url":"https:\/\/biogroupvietnam.com\/wp-content\/uploads\/2025\/12\/BactFinder.jpg","type":"image\/jpeg"}],"twitter_card":"summary_large_image","twitter_misc":{"\u01af\u1edbc t\u00ednh th\u1eddi gian \u0111\u1ecdc":"6 ph\u00fat"},"schema":{"@context":"https:\/\/schema.org","@graph":[{"@type":"WebPage","@id":"https:\/\/biogroupvietnam.com\/vi\/san-pham\/bactfinder-giai-phap-phat-hien-gene-vi-khuan-nhanh-chong-chinh-xac-danh-cho-phong-lab-sinh-hoc-cgt\/","url":"https:\/\/biogroupvietnam.com\/vi\/san-pham\/bactfinder-giai-phap-phat-hien-gene-vi-khuan-nhanh-chong-chinh-xac-danh-cho-phong-lab-sinh-hoc-cgt\/","name":"BactFinder\u2122 \u2013 B\u1ed9 Kit Ph\u00e1t Hi\u1ec7n Gene Vi Khu\u1ea9n Nhanh & Ch\u00ednh X\u00e1c","isPartOf":{"@id":"https:\/\/biogroupvietnam.com\/vi\/#website"},"primaryImageOfPage":{"@id":"https:\/\/biogroupvietnam.com\/vi\/san-pham\/bactfinder-giai-phap-phat-hien-gene-vi-khuan-nhanh-chong-chinh-xac-danh-cho-phong-lab-sinh-hoc-cgt\/#primaryimage"},"image":{"@id":"https:\/\/biogroupvietnam.com\/vi\/san-pham\/bactfinder-giai-phap-phat-hien-gene-vi-khuan-nhanh-chong-chinh-xac-danh-cho-phong-lab-sinh-hoc-cgt\/#primaryimage"},"thumbnailUrl":"https:\/\/biogroupvietnam.com\/wp-content\/uploads\/2025\/12\/BactFinder.jpg","datePublished":"2025-12-05T10:40:47+00:00","dateModified":"2025-12-22T03:19:09+00:00","description":"BactFinder\u2122 h\u1ed7 tr\u1ee3 ph\u00e1t hi\u1ec7n gene vi khu\u1ea9n nhanh trong 4 gi\u1edd, \u0111\u1ed9 nh\u1ea1y &lt;10 CFU, ph\u00f9 h\u1ee3p ki\u1ec3m tra v\u00f4 khu\u1ea9n trong CGT, nu\u00f4i c\u1ea5y t\u1ebf b\u00e0o &amp; QC sinh h\u1ecdc. Biogroup ph\u00e2n ph\u1ed1i ch\u00ednh h\u00e3ng.","breadcrumb":{"@id":"https:\/\/biogroupvietnam.com\/vi\/san-pham\/bactfinder-giai-phap-phat-hien-gene-vi-khuan-nhanh-chong-chinh-xac-danh-cho-phong-lab-sinh-hoc-cgt\/#breadcrumb"},"inLanguage":"vi","potentialAction":[{"@type":"ReadAction","target":["https:\/\/biogroupvietnam.com\/vi\/san-pham\/bactfinder-giai-phap-phat-hien-gene-vi-khuan-nhanh-chong-chinh-xac-danh-cho-phong-lab-sinh-hoc-cgt\/"]}]},{"@type":"ImageObject","inLanguage":"vi","@id":"https:\/\/biogroupvietnam.com\/vi\/san-pham\/bactfinder-giai-phap-phat-hien-gene-vi-khuan-nhanh-chong-chinh-xac-danh-cho-phong-lab-sinh-hoc-cgt\/#primaryimage","url":"https:\/\/biogroupvietnam.com\/wp-content\/uploads\/2025\/12\/BactFinder.jpg","contentUrl":"https:\/\/biogroupvietnam.com\/wp-content\/uploads\/2025\/12\/BactFinder.jpg","width":1640,"height":1260},{"@type":"BreadcrumbList","@id":"https:\/\/biogroupvietnam.com\/vi\/san-pham\/bactfinder-giai-phap-phat-hien-gene-vi-khuan-nhanh-chong-chinh-xac-danh-cho-phong-lab-sinh-hoc-cgt\/#breadcrumb","itemListElement":[{"@type":"ListItem","position":1,"name":"Trang ch\u1ee7","item":"https:\/\/biogroupvietnam.com\/vi\/"},{"@type":"ListItem","position":2,"name":"S\u1ea3n ph\u1ea9m","item":"https:\/\/biogroupvietnam.com\/vi\/san-pham\/"},{"@type":"ListItem","position":3,"name":"X\u00e9t Nghi\u1ec7m Sinh H\u1ecdc","item":"https:\/\/biogroupvietnam.com\/vi\/danh-muc-san-pham\/xet-nghiem-sinh-hoc\/"},{"@type":"ListItem","position":4,"name":"Th\u1eed Nghi\u1ec7m V\u00f4 Tr\u00f9ng","item":"https:\/\/biogroupvietnam.com\/vi\/danh-muc-san-pham\/thu-nghiem-vo-trung\/"},{"@type":"ListItem","position":5,"name":"BactFinder\u2122 &#8211; Gi\u1ea3i ph\u00e1p ph\u00e1t hi\u1ec7n gene vi khu\u1ea9n nhanh ch\u00f3ng, ch\u00ednh x\u00e1c d\u00e0nh cho ph\u00f2ng lab sinh h\u1ecdc &#038; CGT"}]},{"@type":"WebSite","@id":"https:\/\/biogroupvietnam.com\/vi\/#website","url":"https:\/\/biogroupvietnam.com\/vi\/","name":"Biogroup Vietnam","description":"Biogroup Vietnam cung c\u1ea5p d\u1ecbch v\u1ee5 k\u1ef9 thu\u1eadt c\u00f9ng thi\u1ebft b\u1ecb, v\u1eadt t\u01b0, h\u00f3a ch\u1ea5t v\u00e0 gi\u1ea3i ph\u00e1p sinh h\u1ecdc cho ph\u00f2ng th\u00ed nghi\u1ec7m c\u00f4ng ngh\u1ec7 sinh h\u1ecdc, y sinh v\u00e0 y h\u1ecdc t\u00e1i t\u1ea1o.","potentialAction":[{"@type":"SearchAction","target":{"@type":"EntryPoint","urlTemplate":"https:\/\/biogroupvietnam.com\/vi\/?s={search_term_string}"},"query-input":{"@type":"PropertyValueSpecification","valueRequired":true,"valueName":"search_term_string"}}],"inLanguage":"vi"}]}},"_links":{"self":[{"href":"https:\/\/biogroupvietnam.com\/vi\/wp-json\/wp\/v2\/product\/9240","targetHints":{"allow":["GET"]}}],"collection":[{"href":"https:\/\/biogroupvietnam.com\/vi\/wp-json\/wp\/v2\/product"}],"about":[{"href":"https:\/\/biogroupvietnam.com\/vi\/wp-json\/wp\/v2\/types\/product"}],"replies":[{"embeddable":true,"href":"https:\/\/biogroupvietnam.com\/vi\/wp-json\/wp\/v2\/comments?post=9240"}],"version-history":[{"count":4,"href":"https:\/\/biogroupvietnam.com\/vi\/wp-json\/wp\/v2\/product\/9240\/revisions"}],"predecessor-version":[{"id":9255,"href":"https:\/\/biogroupvietnam.com\/vi\/wp-json\/wp\/v2\/product\/9240\/revisions\/9255"}],"wp:featuredmedia":[{"embeddable":true,"href":"https:\/\/biogroupvietnam.com\/vi\/wp-json\/wp\/v2\/media\/9241"}],"wp:attachment":[{"href":"https:\/\/biogroupvietnam.com\/vi\/wp-json\/wp\/v2\/media?parent=9240"}],"wp:term":[{"taxonomy":"product_brand","embeddable":true,"href":"https:\/\/biogroupvietnam.com\/vi\/wp-json\/wp\/v2\/product_brand?post=9240"},{"taxonomy":"product_cat","embeddable":true,"href":"https:\/\/biogroupvietnam.com\/vi\/wp-json\/wp\/v2\/product_cat?post=9240"},{"taxonomy":"product_tag","embeddable":true,"href":"https:\/\/biogroupvietnam.com\/vi\/wp-json\/wp\/v2\/product_tag?post=9240"}],"curies":[{"name":"wp","href":"https:\/\/api.w.org\/{rel}","templated":true}]}}